{"id":1005,"date":"2019-02-27T19:30:16","date_gmt":"2019-02-27T19:30:16","guid":{"rendered":"http:\/\/drlynchballyvourney.ie\/wordpress\/?page_id=1005"},"modified":"2019-09-13T12:12:01","modified_gmt":"2019-09-13T11:12:01","slug":"new-2018-media-links","status":"publish","type":"page","link":"http:\/\/drlynchballyvourney.ie\/wordpress\/new-2018-media-links\/","title":{"rendered":"2018 Media Links"},"content":{"rendered":"\n<h2>County Supplement, The Irish Examiner, Tuesday September 18th 2018<\/h2>\n\n\n\n<p><strong>Entrepreneur award for ex-principal \u00d3 Lion\u00e1ird &#8211; by Pet O&#8217;Connell<\/strong><\/p>\n\n\n\n<div class=\"wp-block-file\"><a href=\"http:\/\/drlynchballyvourney.ie\/wordpress\/wp-content\/uploads\/2019\/02\/County-Supplement-Article-Tuesday-September-18th-2018.pdf\">County Supplement Article Tuesday September 18th 2018<\/a><a href=\"http:\/\/drlynchballyvourney.ie\/wordpress\/wp-content\/uploads\/2019\/02\/County-Supplement-Article-Tuesday-September-18th-2018.pdf\" class=\"wp-block-file__button\" download>Download<\/a><\/div>\n\n\n\n<p><strong><br><\/strong><\/p>\n\n\n\n<h2>Sc\u00e9alta \u00d3 Mh\u00fascra\u00ed, Evening Echo, Tuesday September 18th 2018<\/h2>\n\n\n\n<p><strong>Gradam Gn\u00f3 an Docht\u00fair \u00d3 Loingsigh \u00e1 bhronnadh ar Mh\u00edche\u00e1l \u00d3 Lion\u00e1ird &#8211; le Pet U\u00ed Chonaill<\/strong><\/p>\n\n\n\n<div class=\"wp-block-file\"><a href=\"http:\/\/drlynchballyvourney.ie\/wordpress\/wp-content\/uploads\/2019\/02\/Scealta-O-Mhuscrai-le-Pet-Ui-Chonaill-18th-September-2018.pdf\">Scealta O Mhuscrai le Pet Ui Chonaill 18th September 2018<\/a><a href=\"http:\/\/drlynchballyvourney.ie\/wordpress\/wp-content\/uploads\/2019\/02\/Scealta-O-Mhuscrai-le-Pet-Ui-Chonaill-18th-September-2018.pdf\" class=\"wp-block-file__button\" download>Download<\/a><\/div>\n\n\n\n<p><\/p>\n\n\n\n<p><\/p>\n\n\n\n<h2>RT\u00c9 &#8211; Raidi\u00f3 na Gaeltachta<\/h2>\n\n\n\n<p><a href=\"https:\/\/www.rte.ie\/rnag\/an-saol-o-dheas\/programmes\/2018\/0921\/995222-an-saol-dheas-d-haoine-21-men-fmhair-2018\/\">An Saol \u00d3 Dheas D\u00e9 hAoine 21 Me\u00e1n F\u00f3mhair 2018<\/a><\/p>\n\n\n\n<p><\/p>\n\n\n\n<p><\/p>\n\n\n\n<h2>Tuairisc.ie &#8211; Me\u00e1n F\u00f3mhair 21 2018<\/h2>\n\n\n\n<p><a href=\"https:\/\/tuairisc.ie\/gradam-gno-an-dochtuir-o-loingsigh-a-bhronnadh-ar-mhicheal-o-lionaird\/\">Gradam Gn\u00f3 an Docht\u00fair \u00d3 Loingsigh \u00e1 bhronnadh ar Mh\u00edche\u00e1l \u00d3 Lion\u00e1ird &#8211; M\u00e9abh N\u00ed Thuathal\u00e1in<\/a><\/p>\n\n\n\n<p><\/p>\n\n\n\n<p><\/p>\n\n\n\n<h2>Lee Valley Outlook, v15e20 20th October 2018<\/h2>\n\n\n\n<p><strong><a href=\"http:\/\/www.macroom.ie\/lee-valley-outlook-archive-2018\/334-lee-valley-outlook-v15e20-oct-4-2018\">Dr Lynch Gathering 2018<\/a> &#8211; by R\u00e9id\u00edn Lynch<\/strong> <\/p>\n\n\n\n<p><br><\/p>\n","protected":false},"excerpt":{"rendered":"<p>County Supplement, The Irish Examiner, Tuesday September 18th 2018 Entrepreneur award for ex-principal \u00d3 Lion\u00e1ird &#8211; by Pet O&#8217;Connell Sc\u00e9alta \u00d3 Mh\u00fascra\u00ed, Evening Echo, Tuesday September 18th 2018 Gradam Gn\u00f3 an Docht\u00fair \u00d3 Loingsigh \u00e1 bhronnadh ar Mh\u00edche\u00e1l \u00d3 Lion\u00e1ird &#8211; le Pet U\u00ed Chonaill RT\u00c9 &#8211; Raidi\u00f3 na Gaeltachta An Saol \u00d3 Dheas D\u00e9 [&hellip;]<\/p>\n","protected":false},"author":1,"featured_media":0,"parent":0,"menu_order":0,"comment_status":"closed","ping_status":"closed","template":"","meta":{"ngg_post_thumbnail":0},"_links":{"self":[{"href":"http:\/\/drlynchballyvourney.ie\/wordpress\/wp-json\/wp\/v2\/pages\/1005"}],"collection":[{"href":"http:\/\/drlynchballyvourney.ie\/wordpress\/wp-json\/wp\/v2\/pages"}],"about":[{"href":"http:\/\/drlynchballyvourney.ie\/wordpress\/wp-json\/wp\/v2\/types\/page"}],"author":[{"embeddable":true,"href":"http:\/\/drlynchballyvourney.ie\/wordpress\/wp-json\/wp\/v2\/users\/1"}],"replies":[{"embeddable":true,"href":"http:\/\/drlynchballyvourney.ie\/wordpress\/wp-json\/wp\/v2\/comments?post=1005"}],"version-history":[{"count":5,"href":"http:\/\/drlynchballyvourney.ie\/wordpress\/wp-json\/wp\/v2\/pages\/1005\/revisions"}],"predecessor-version":[{"id":1036,"href":"http:\/\/drlynchballyvourney.ie\/wordpress\/wp-json\/wp\/v2\/pages\/1005\/revisions\/1036"}],"wp:attachment":[{"href":"http:\/\/drlynchballyvourney.ie\/wordpress\/wp-json\/wp\/v2\/media?parent=1005"}],"curies":[{"name":"wp","href":"https:\/\/api.w.org\/{rel}","templated":true}]}}