{"id":1037,"date":"2019-09-13T12:21:05","date_gmt":"2019-09-13T11:21:05","guid":{"rendered":"http:\/\/drlynchballyvourney.ie\/wordpress\/?page_id=1037"},"modified":"2019-10-03T22:42:48","modified_gmt":"2019-10-03T21:42:48","slug":"new-2019-ceiliuradh-an-dochtura-ui-loingsigh","status":"publish","type":"page","link":"http:\/\/drlynchballyvourney.ie\/wordpress\/new-2019-ceiliuradh-an-dochtura-ui-loingsigh\/","title":{"rendered":"2019 Ceili\u00faradh an Docht\u00fara U\u00ed Loingsigh"},"content":{"rendered":"\n<figure class=\"wp-block-image\"><img loading=\"lazy\" width=\"588\" height=\"828\" src=\"http:\/\/drlynchballyvourney.ie\/wordpress\/wp-content\/uploads\/2019\/09\/Dr-Lynch-2019-Poster.jpg\" alt=\"\" class=\"wp-image-1038\" srcset=\"http:\/\/drlynchballyvourney.ie\/wordpress\/wp-content\/uploads\/2019\/09\/Dr-Lynch-2019-Poster.jpg 588w, http:\/\/drlynchballyvourney.ie\/wordpress\/wp-content\/uploads\/2019\/09\/Dr-Lynch-2019-Poster-213x300.jpg 213w\" sizes=\"(max-width: 588px) 100vw, 588px\" \/><\/figure>\n","protected":false},"excerpt":{"rendered":"","protected":false},"author":1,"featured_media":0,"parent":0,"menu_order":0,"comment_status":"closed","ping_status":"closed","template":"","meta":{"ngg_post_thumbnail":0},"_links":{"self":[{"href":"http:\/\/drlynchballyvourney.ie\/wordpress\/wp-json\/wp\/v2\/pages\/1037"}],"collection":[{"href":"http:\/\/drlynchballyvourney.ie\/wordpress\/wp-json\/wp\/v2\/pages"}],"about":[{"href":"http:\/\/drlynchballyvourney.ie\/wordpress\/wp-json\/wp\/v2\/types\/page"}],"author":[{"embeddable":true,"href":"http:\/\/drlynchballyvourney.ie\/wordpress\/wp-json\/wp\/v2\/users\/1"}],"replies":[{"embeddable":true,"href":"http:\/\/drlynchballyvourney.ie\/wordpress\/wp-json\/wp\/v2\/comments?post=1037"}],"version-history":[{"count":4,"href":"http:\/\/drlynchballyvourney.ie\/wordpress\/wp-json\/wp\/v2\/pages\/1037\/revisions"}],"predecessor-version":[{"id":1070,"href":"http:\/\/drlynchballyvourney.ie\/wordpress\/wp-json\/wp\/v2\/pages\/1037\/revisions\/1070"}],"wp:attachment":[{"href":"http:\/\/drlynchballyvourney.ie\/wordpress\/wp-json\/wp\/v2\/media?parent=1037"}],"curies":[{"name":"wp","href":"https:\/\/api.w.org\/{rel}","templated":true}]}}