{"id":186,"date":"2014-07-23T15:35:28","date_gmt":"2014-07-23T14:35:28","guid":{"rendered":"http:\/\/drlynchballyvourney.ie\/wordpress\/?page_id=186"},"modified":"2014-09-10T19:23:26","modified_gmt":"2014-09-10T18:23:26","slug":"ceiliuradh-an-dochtura-ui-loingsigh-1842-1913","status":"publish","type":"page","link":"http:\/\/drlynchballyvourney.ie\/wordpress\/ceiliuradh-an-dochtura-ui-loingsigh-1842-1913\/","title":{"rendered":"Ceili\u00faradh an Docht\u00fara U\u00ed Loingsigh 1842 &#8211; 1913"},"content":{"rendered":"<h1 style=\"text-align: center;\"><strong><em><span style=\"color: #993300;\"><span style=\"color: #993300;\"><em>Beidh f\u00e1ilte romhat chuig ath-ainmni\u00fa \u2018Ionad Cult\u00fartha\u2019 go \u2018Ionad Cult\u00fartha an Docht\u00fair \u00d3 Loingsigh\u2019 ar Satharn 13\u00fa Me\u00e1n F\u00f3mhair 2014<\/em><\/span><\/span><\/em><\/strong><\/h1>\n<h1 style=\"text-align: center;\"><span style=\"color: #000000;\"><strong><em>Celebrating an\u00a0<em>Docht\u00fair \u00d3 Loingsigh\u00a0<\/em> 1842 &#8211; 1913<\/em><\/strong><\/span><\/h1>\n<p>&nbsp;<\/p>\n<h1 style=\"text-align: center;\"><span style=\"color: #000000;\"><strong><em>You are cordially invited to the renaming of \u2018Ionad Cult\u00fartha\u2019 to \u2018Ionad Cult\u00fartha an Docht\u00fair \u00d3 Loingsigh\u2019 on <\/em><\/strong><strong><em>Saturday 13<sup><span style=\"font-size: large;\">th<\/span><\/sup> September 2014<\/em><\/strong><\/span><\/h1>\n<h1 style=\"text-align: center;\"><\/h1>\n<p><img loading=\"lazy\" class=\"aligncenter wp-image-212 size-full\" src=\"http:\/\/drlynchballyvourney.ie\/wordpress\/wp-content\/uploads\/2014\/07\/invitation-11.jpg\" alt=\"invitation 1\" width=\"305\" height=\"641\" \/><\/p>\n<h1 style=\"text-align: center;\"><\/h1>\n<h2 style=\"text-align: center;\"><em>Programme of the Day \/ <span style=\"color: #993300;\"><em>Cl\u00e1r an Lae<\/em><\/span><\/em><\/h2>\n<h3 style=\"text-align: justify;\">11.00\u00a0\u00a0\u00a0\u00a0Corn Cuimhneach\u00e1in Dhomhnaill U\u00ed Loingsigh Docht\u00fair and Corn U\u00ed Fhlannag\u00e1in singing competitions \/ <span style=\"color: #993300;\">Com\u00f3rtais amhr\u00e1na\u00edochta\u00a0Chorn Cuimhneach\u00e1in Dhomhnaill U\u00ed Loingsigh Docht\u00fair agus Corn U\u00ed Fhlannag\u00e1in<\/span><\/h3>\n<h3 style=\"text-align: justify;\">14.00\u00a0\u00a0\u00a0\u00a0Welcome Reception in the Ionad Cult\u00fartha \/ <span style=\"color: #993300;\">F\u00e1ilti\u00fa san Ionad Cult\u00fartha<\/span><\/h3>\n<h3 style=\"text-align: justify;\">14.30\u00a0\u00a0\u00a0\u00a0Oration by D\u00f3nal \u00d3 h\u00c9alaithe on the life of Dr. \u00d3 Loingsigh \/ <span style=\"color: #993300;\">\u00d3r\u00e1id \u00f3n saineola\u00ed, D\u00f3nal \u00d3 h\u00c9alaithe, ar shaol an Docht\u00fara<\/span><\/h3>\n<h3 style=\"text-align: justify;\">15.30\u00a0\u00a0\u00a0\u00a0Showcase of local talent, competition results and award giving of Corn Cuimhneach\u00e1in Dhomhnaill U\u00ed Loingsigh Docht\u00fair and Corn U\u00ed Fhlannag\u00e1in singing competitions \/ <span style=\"color: #993300;\">Ceolchoirm le talann \u00e1iti\u00fal agus bronnadh Chorn an Docht\u00fara U\u00ed Loingsigh agus Chorn \u00da\u00ed Fhlannag\u00e1in<\/span><\/h3>\n<h3 style=\"text-align: justify;\">16.30\u00a0\u00a0\u00a0\u00a0Renaming ceremony by Ted Owens, CEO of Cork Education and Training Board \/ <span style=\"color: #993300;\">Ath-ainmni\u00fa \u00e1 dh\u00e9anamh ag Ted Owens, Pr\u00edomh-Fheidhmeanach Bord Oideachais agus Oili\u00fana Chorca\u00ed<\/span><\/h3>\n<h3 style=\"text-align: justify;\">17.30\u00a0\u00a0\u00a0\u00a0Historical walk to the significant areas associated with Dr. \u00d3 Loingsigh \/ <span style=\"color: #993300;\">Si\u00fal\u00f3id stairi\u00fail bunaithe ar shaol an Dr. U\u00ed Loingsigh<\/span><\/h3>\n<h3 style=\"text-align: justify;\">19.30\u00a0\u00a0\u00a0\u00a0Meet in The Mills for the special event dinner \/ <span style=\"color: #993300;\">Teacht le ch\u00e9ile sa Mhuileann do dhinn\u00e9ar speisialta na h\u00f3c\u00e1ide<\/span><\/h3>\n<h1 style=\"text-align: center;\"><\/h1>\n<p>&nbsp;<\/p>\n<h1 style=\"text-align: center;\"><\/h1>\n<h3><em>Material connected to the life and work of Dr. \u00d3 Loingsigh will be on display in the exhibition area of the Ionad Cult\u00fartha. Exhibition continues until 29<sup><span style=\"font-size: small;\">th <\/span><\/sup>September 2014 \/<\/em><\/h3>\n<h3><span style=\"color: #993300;\"><em>Taispe\u00e1ntas bainteach le saol agus saothar an Docht\u00fara U\u00ed Loingsigh ar si\u00fal sa d\u00e1nlann. Taispe\u00e1ntas ag lean\u00faint ar aghaidh go dt\u00ed an 29\u00fa Me\u00e1n F\u00f3mhair 2014<\/em><\/span><\/h3>\n<h1 style=\"text-align: center;\"><\/h1>\n<h5 style=\"text-align: center;\">The organising committee of the above event are-<\/h5>\n<h5 style=\"text-align: center;\">Peadar \u00d3 Riada (Chairman) ; S\u00edleAnn Ni Riord\u00e1in (Secretary), Br\u00edd Cranitch (Curator) and Sile U\u00ed Chr\u00f3in\u00edn &#8211; all representing <a title=\"Ionad Cult\u00fartha Website\" href=\"http:\/\/www.ionadculturtha.ie\/\" target=\"_blank\"><span style=\"color: #0066cc;\">Ionad Cult\u00fartha<\/span><\/a>; Joan Cronin (granddaughter &amp; Joint Treasurer), Denis Lynch (grandnephew &amp; representative of the Togher Lynch family \u2013 8<sup><span style=\"font-size: xx-small;\">th<\/span><\/sup> generation), Tom O\u2019Leary (great grandson &amp; PR \/ Marketing), Michael Cronin (great grandson &amp; Joint Treasurer), Jerry Lynch (great grandnephew &amp; Family Historian), R\u00e9id\u00edn Lynch (great great grandniece &amp; Researcher \/ Information Compiler \/ Website Creator), D\u00f3nal \u00d3 h\u00c9alaithe (author and local historian).<\/h5>\n","protected":false},"excerpt":{"rendered":"<p>Beidh f\u00e1ilte romhat chuig ath-ainmni\u00fa \u2018Ionad Cult\u00fartha\u2019 go \u2018Ionad Cult\u00fartha an Docht\u00fair \u00d3 Loingsigh\u2019 ar Satharn 13\u00fa Me\u00e1n F\u00f3mhair 2014 Celebrating an\u00a0Docht\u00fair \u00d3 Loingsigh\u00a0 1842 &#8211; 1913 &nbsp; You are cordially invited to the renaming of \u2018Ionad Cult\u00fartha\u2019 to \u2018Ionad Cult\u00fartha an Docht\u00fair \u00d3 Loingsigh\u2019 on Saturday 13th September 2014 Programme of the Day \/ [&hellip;]<\/p>\n","protected":false},"author":1,"featured_media":0,"parent":0,"menu_order":0,"comment_status":"closed","ping_status":"closed","template":"","meta":{"ngg_post_thumbnail":0},"_links":{"self":[{"href":"http:\/\/drlynchballyvourney.ie\/wordpress\/wp-json\/wp\/v2\/pages\/186"}],"collection":[{"href":"http:\/\/drlynchballyvourney.ie\/wordpress\/wp-json\/wp\/v2\/pages"}],"about":[{"href":"http:\/\/drlynchballyvourney.ie\/wordpress\/wp-json\/wp\/v2\/types\/page"}],"author":[{"embeddable":true,"href":"http:\/\/drlynchballyvourney.ie\/wordpress\/wp-json\/wp\/v2\/users\/1"}],"replies":[{"embeddable":true,"href":"http:\/\/drlynchballyvourney.ie\/wordpress\/wp-json\/wp\/v2\/comments?post=186"}],"version-history":[{"count":15,"href":"http:\/\/drlynchballyvourney.ie\/wordpress\/wp-json\/wp\/v2\/pages\/186\/revisions"}],"predecessor-version":[{"id":389,"href":"http:\/\/drlynchballyvourney.ie\/wordpress\/wp-json\/wp\/v2\/pages\/186\/revisions\/389"}],"wp:attachment":[{"href":"http:\/\/drlynchballyvourney.ie\/wordpress\/wp-json\/wp\/v2\/media?parent=186"}],"curies":[{"name":"wp","href":"https:\/\/api.w.org\/{rel}","templated":true}]}}