{"id":206,"date":"2014-07-23T15:49:02","date_gmt":"2014-07-23T14:49:02","guid":{"rendered":"http:\/\/drlynchballyvourney.ie\/wordpress\/?page_id=206"},"modified":"2014-07-26T23:34:23","modified_gmt":"2014-07-26T22:34:23","slug":"an-dochtuir-domhnall-o-loingsigh","status":"publish","type":"page","link":"http:\/\/drlynchballyvourney.ie\/wordpress\/an-dochtuir-domhnall-o-loingsigh\/","title":{"rendered":"An Introduction to An Docht\u00fair D\u00f3mhnall \u00d3 Loingsigh"},"content":{"rendered":"<h1 style=\"text-align: center;\"><span style=\"color: #000000;\"><em>Dr Daniel Lynch MD JP Ballyvourney, Co. Cork<\/em><\/span><\/h1>\n<h2 style=\"text-align: center;\"><span style=\"color: #000000;\"><em><strong>1842 &#8211; 1913<\/strong><\/em><\/span><\/h2>\n<h2 style=\"text-align: center;\"><span style=\"color: #993300;\"><strong><em><em>Docht\u00fair<\/em>, Saighdi\u00fair, <em>Scol\u00e1ire<\/em><\/em><\/strong><\/span><\/h2>\n<h2 style=\"text-align: center;\"><span style=\"color: #000000;\"><strong><em>Doctor, Soldier, Scholar<\/em><\/strong><\/span><\/h2>\n<p>&nbsp;<\/p>\n<h4 style=\"text-align: center;\"><a href=\"http:\/\/drlynchballyvourney.ie\/wordpress\/wp-content\/uploads\/2014\/04\/24112009029.jpg\"><img loading=\"lazy\" class=\"wp-image-8\" src=\"http:\/\/drlynchballyvourney.ie\/wordpress\/wp-content\/uploads\/2014\/04\/24112009029-188x300.jpg\" alt=\"24112009(029)\" width=\"393\" height=\"628\" srcset=\"http:\/\/drlynchballyvourney.ie\/wordpress\/wp-content\/uploads\/2014\/04\/24112009029-188x300.jpg 188w, http:\/\/drlynchballyvourney.ie\/wordpress\/wp-content\/uploads\/2014\/04\/24112009029-641x1024.jpg 641w, http:\/\/drlynchballyvourney.ie\/wordpress\/wp-content\/uploads\/2014\/04\/24112009029-640x1021.jpg 640w, http:\/\/drlynchballyvourney.ie\/wordpress\/wp-content\/uploads\/2014\/04\/24112009029.jpg 836w\" sizes=\"(max-width: 393px) 100vw, 393px\" \/><\/a><\/h4>\n<h2 style=\"text-align: center;\"><em><span style=\"color: #993300;\">Laoch Cult\u00fartha agus forbartha an cheantair Mh\u00fascraighe, fear a ghn\u00f3thaigh an teideal &#8220;Pr\u00edomh Cathair na Gaeltachta&#8221;, do Bhaile Mhuirne sa bhliain 1904.<\/span><\/em><\/h2>\n<h2 style=\"text-align: center;\">The cultural and development hero who earned for Ballyvourney the title &#8220;capital city of the Gaeltacht&#8221; in 1904.<\/h2>\n<p>&nbsp;<\/p>\n<h4><em><span style=\"color: #993300;\">Rugadh an Docht\u00fair D\u00f3mhnall\u00a0\u00d3 Loingsigh ar an dT\u00f3char sa bhliain 1842. T\u00e1 an su\u00edomh seo in om\u00f3s don Docht\u00fair\u00a0\u00d3\u00a0Loingsigh, fathach cult\u00fartha agus shoisialta i saohal Mh\u00fascra\u00ed \u00f3n ceathr\u00fa deirneach don naoi\u00fa aoise d\u00e9\u00e1g go dt\u00ed&#8217;n a\u00a0 bh\u00e1s\u00a0 i 1913.\u00a0Throid s\u00e9 i gcathanna ar Mh\u00f3rroinn na hEorpa agus thaisteal an t\u00edr nua sin Americe\u00e1 sul&#8217;ar fhill s\u00e9 abhaile, dhein docht\u00fair leighis de f\u00e9in agus thug faoi ceannaireacht ar a mhuintir dh\u00fachasach i mBaile Mhuirne.\u00a0Thug s\u00e9 c\u00fanamh agus cabhair n\u00e1ch beag le athd\u00fa an cult\u00far gaelach agus bh\u00ed le f\u00e1\u00edl i gcomhluadar bunath\u00f3ir\u00ed an st\u00e1it seo, ag cur is ag coth\u00fa s\u00edol sin an f\u00e9in mheas a bhl\u00e1thaigh ina Eir\u00ed Amach tr\u00ed blian tar\u00e9is a bh\u00e1is.<\/span><\/em><\/h4>\n<h4>Dr Daniel Lynch was born in Togher, Coolea in February 1842. This site has been created to honour and remember\u00a0the great cultural giant that was Dr Lynch, who worked tirelessly to develop his native homeland of Ballyvourney both culturally and socially.\u00a0He took part in several wars on the European continent before travelling to\u00a0the awakening continent of America. On his return he studied medicine and resumed life as a leader in his native Gaeltacht community from whence he made frequent and important forays and helped to shape the Irish Cultural movement which eventually became the fight for Irish Freedom three years after his death.<\/h4>\n","protected":false},"excerpt":{"rendered":"<p>Dr Daniel Lynch MD JP Ballyvourney, Co. Cork 1842 &#8211; 1913 Docht\u00fair, Saighdi\u00fair, Scol\u00e1ire Doctor, Soldier, Scholar &nbsp; Laoch Cult\u00fartha agus forbartha an cheantair Mh\u00fascraighe, fear a ghn\u00f3thaigh an teideal &#8220;Pr\u00edomh Cathair na Gaeltachta&#8221;, do Bhaile Mhuirne sa bhliain 1904. The cultural and development hero who earned for Ballyvourney the title &#8220;capital city of the [&hellip;]<\/p>\n","protected":false},"author":1,"featured_media":0,"parent":0,"menu_order":0,"comment_status":"closed","ping_status":"closed","template":"","meta":{"ngg_post_thumbnail":0},"_links":{"self":[{"href":"http:\/\/drlynchballyvourney.ie\/wordpress\/wp-json\/wp\/v2\/pages\/206"}],"collection":[{"href":"http:\/\/drlynchballyvourney.ie\/wordpress\/wp-json\/wp\/v2\/pages"}],"about":[{"href":"http:\/\/drlynchballyvourney.ie\/wordpress\/wp-json\/wp\/v2\/types\/page"}],"author":[{"embeddable":true,"href":"http:\/\/drlynchballyvourney.ie\/wordpress\/wp-json\/wp\/v2\/users\/1"}],"replies":[{"embeddable":true,"href":"http:\/\/drlynchballyvourney.ie\/wordpress\/wp-json\/wp\/v2\/comments?post=206"}],"version-history":[{"count":5,"href":"http:\/\/drlynchballyvourney.ie\/wordpress\/wp-json\/wp\/v2\/pages\/206\/revisions"}],"predecessor-version":[{"id":342,"href":"http:\/\/drlynchballyvourney.ie\/wordpress\/wp-json\/wp\/v2\/pages\/206\/revisions\/342"}],"wp:attachment":[{"href":"http:\/\/drlynchballyvourney.ie\/wordpress\/wp-json\/wp\/v2\/media?parent=206"}],"curies":[{"name":"wp","href":"https:\/\/api.w.org\/{rel}","templated":true}]}}