{"id":221,"date":"2014-07-25T15:57:16","date_gmt":"2014-07-25T14:57:16","guid":{"rendered":"http:\/\/drlynchballyvourney.ie\/wordpress\/?page_id=221"},"modified":"2014-07-26T10:44:08","modified_gmt":"2014-07-26T09:44:08","slug":"about-us","status":"publish","type":"page","link":"http:\/\/drlynchballyvourney.ie\/wordpress\/about-us\/","title":{"rendered":"About Us"},"content":{"rendered":"<h4>This website is the brainchild of Jerry Lynch, Riversdale House, Bishopstown, Cork who began researching the Lynch Family Tree in the 1980&#8217;s.<\/h4>\n<h4>Jerry is a great-grandnephew of an Docht\u00fair D\u00f3mhnall \u00d3 Loingsigh, his direct line coming from D\u00f3mhnall\u2019s brother Jerry, who married Ellen Connell.<\/h4>\n<h4>Jerry and Ellen had a son called Jeremiah (Miah) who married Eily O\u2019Connor and they in turn had a son called Diarmuid (Irish for Jeremiah). Diarmuid married Catherine Healy and they had a son called Jerry (above). Jerry then married Patricia Buckley and they had a son called Jeremy (Jeremiah) who is deceased since 2012, aged 30 years. Therefore Jeremy was 5<sup>th<\/sup> generation of Jeremiah\u2019s in this line.<\/h4>\n<h4>R\u00e9id\u00edn Lynch, who is a sister of the late Jeremy, is the creator of this website and the compiler and researcher of the information contained within the site.<\/h4>\n<p>&nbsp;<\/p>\n<p><a href=\"http:\/\/drlynchballyvourney.ie\/wordpress\/wp-content\/uploads\/2014\/07\/MyCertificate-LynchClan.jpg\"><img loading=\"lazy\" class=\"aligncenter size-large wp-image-273\" src=\"http:\/\/drlynchballyvourney.ie\/wordpress\/wp-content\/uploads\/2014\/07\/MyCertificate-LynchClan-1024x714.jpg\" alt=\"MyCertificate LynchClan\" width=\"640\" height=\"446\" srcset=\"http:\/\/drlynchballyvourney.ie\/wordpress\/wp-content\/uploads\/2014\/07\/MyCertificate-LynchClan-1024x714.jpg 1024w, http:\/\/drlynchballyvourney.ie\/wordpress\/wp-content\/uploads\/2014\/07\/MyCertificate-LynchClan-300x209.jpg 300w, http:\/\/drlynchballyvourney.ie\/wordpress\/wp-content\/uploads\/2014\/07\/MyCertificate-LynchClan-640x446.jpg 640w\" sizes=\"(max-width: 640px) 100vw, 640px\" \/><\/a><\/p>\n<h4>Contributors of information to this project include-<\/h4>\n<ul>\n<li>\n<h4>Jerry Lynch (Riversdale House, Bishopstown, Cork &#8211; a great grandnephew of an Docht\u00fair D\u00f3mhnall \u00d3 Loingsigh),<\/h4>\n<\/li>\n<li>\n<h4>Joan Cronin (nee O\u2019Leary \u2013 a granddaughter of an Docht\u00fair D\u00f3mhnall \u00d3 Loingsigh),<\/h4>\n<\/li>\n<\/ul>\n<ul>\n<li>\n<h4>Jerry Lynch (Douglas, Cork &#8211; a great grandnephew of an Docht\u00fair D\u00f3mhnall \u00d3 Loingsigh),<\/h4>\n<\/li>\n<li>\n<h4>the late D\u00f3nal \u00d3 Loingsigh of Dublin\u00a0(born in Waterfall, Co. Cork &#8211; a grandnephew of an Docht\u00fair D\u00f3mhnall \u00d3 Loingsigh),<\/h4>\n<\/li>\n<li>\n<h4>the late Mary Lynch of Dublin (born in Waterfall, Co. Cork &#8211; a grandniece of an Docht\u00fair D\u00f3mhnall \u00d3 Loingsigh),<\/h4>\n<\/li>\n<li>\n<h4>Sr. Consilia (Mary Dennehy &#8211; from Ballincollig, Co. Cork and Belfast),<\/h4>\n<\/li>\n<li>\n<h4>Daniel McSweeney (local historian),<\/h4>\n<\/li>\n<li>\n<h4>D\u00f3nal \u00d3 h\u00c9alaithe (author and local historian),<\/h4>\n<\/li>\n<li>\n<h4>Margaret Curtis (nee Lynch &#8211; Macroom \/ Clydagh Valley),<\/h4>\n<\/li>\n<li>\n<h4>Margaret Jordan (Cork Genealogist,\u00a0 <a title=\"Margaret Jordan - Cork Genealogist - both traditional and genetic genealogy\" href=\"http:\/\/mjordan.wordpress.com\/about\/\" target=\"_blank\">http:\/\/mjordan.wordpress.com\/about\/<\/a>)<\/h4>\n<\/li>\n<li>\n<h4>and many others too numerous to mention.<\/h4>\n<\/li>\n<\/ul>\n","protected":false},"excerpt":{"rendered":"<p>This website is the brainchild of Jerry Lynch, Riversdale House, Bishopstown, Cork who began researching the Lynch Family Tree in the 1980&#8217;s. Jerry is a great-grandnephew of an Docht\u00fair D\u00f3mhnall \u00d3 Loingsigh, his direct line coming from D\u00f3mhnall\u2019s brother Jerry, who married Ellen Connell. Jerry and Ellen had a son called Jeremiah (Miah) who married [&hellip;]<\/p>\n","protected":false},"author":1,"featured_media":0,"parent":0,"menu_order":0,"comment_status":"closed","ping_status":"closed","template":"","meta":{"ngg_post_thumbnail":0},"_links":{"self":[{"href":"http:\/\/drlynchballyvourney.ie\/wordpress\/wp-json\/wp\/v2\/pages\/221"}],"collection":[{"href":"http:\/\/drlynchballyvourney.ie\/wordpress\/wp-json\/wp\/v2\/pages"}],"about":[{"href":"http:\/\/drlynchballyvourney.ie\/wordpress\/wp-json\/wp\/v2\/types\/page"}],"author":[{"embeddable":true,"href":"http:\/\/drlynchballyvourney.ie\/wordpress\/wp-json\/wp\/v2\/users\/1"}],"replies":[{"embeddable":true,"href":"http:\/\/drlynchballyvourney.ie\/wordpress\/wp-json\/wp\/v2\/comments?post=221"}],"version-history":[{"count":12,"href":"http:\/\/drlynchballyvourney.ie\/wordpress\/wp-json\/wp\/v2\/pages\/221\/revisions"}],"predecessor-version":[{"id":320,"href":"http:\/\/drlynchballyvourney.ie\/wordpress\/wp-json\/wp\/v2\/pages\/221\/revisions\/320"}],"wp:attachment":[{"href":"http:\/\/drlynchballyvourney.ie\/wordpress\/wp-json\/wp\/v2\/media?parent=221"}],"curies":[{"name":"wp","href":"https:\/\/api.w.org\/{rel}","templated":true}]}}