{"id":225,"date":"2014-07-26T00:17:12","date_gmt":"2014-07-25T23:17:12","guid":{"rendered":"http:\/\/drlynchballyvourney.ie\/wordpress\/?page_id=225"},"modified":"2014-07-26T10:00:00","modified_gmt":"2014-07-26T09:00:00","slug":"contact-us","status":"publish","type":"page","link":"http:\/\/drlynchballyvourney.ie\/wordpress\/contact-us\/","title":{"rendered":"Contact Us"},"content":{"rendered":"<h2 style=\"text-align: center;\"><strong><em>\u00a0<\/em><\/strong><\/h2>\n<h3 style=\"text-align: center;\">If you would like to contribute any further information to the project about\u00a0an Docht\u00fair D\u00f3mhnall \u00d3 Loingsigh or one of his relatives,<\/h3>\n<p>&nbsp;<\/p>\n<h3 style=\"text-align: center;\">please email <span style=\"color: #993300;\">reidinlynch@drlynchballyvourney.ie<\/span> or leave a comment below.<\/h3>\n<p>&nbsp;<\/p>\n<h3 style=\"text-align: center;\">Thank you &#8211; R\u00e9id\u00edn.<\/h3>\n<p>&nbsp;<\/p>\n","protected":false},"excerpt":{"rendered":"<p>\u00a0 If you would like to contribute any further information to the project about\u00a0an Docht\u00fair D\u00f3mhnall \u00d3 Loingsigh or one of his relatives, &nbsp; please email reidinlynch@drlynchballyvourney.ie or leave a comment below. &nbsp; Thank you &#8211; R\u00e9id\u00edn. &nbsp;<\/p>\n","protected":false},"author":1,"featured_media":0,"parent":0,"menu_order":0,"comment_status":"open","ping_status":"closed","template":"","meta":{"ngg_post_thumbnail":0},"_links":{"self":[{"href":"http:\/\/drlynchballyvourney.ie\/wordpress\/wp-json\/wp\/v2\/pages\/225"}],"collection":[{"href":"http:\/\/drlynchballyvourney.ie\/wordpress\/wp-json\/wp\/v2\/pages"}],"about":[{"href":"http:\/\/drlynchballyvourney.ie\/wordpress\/wp-json\/wp\/v2\/types\/page"}],"author":[{"embeddable":true,"href":"http:\/\/drlynchballyvourney.ie\/wordpress\/wp-json\/wp\/v2\/users\/1"}],"replies":[{"embeddable":true,"href":"http:\/\/drlynchballyvourney.ie\/wordpress\/wp-json\/wp\/v2\/comments?post=225"}],"version-history":[{"count":8,"href":"http:\/\/drlynchballyvourney.ie\/wordpress\/wp-json\/wp\/v2\/pages\/225\/revisions"}],"predecessor-version":[{"id":302,"href":"http:\/\/drlynchballyvourney.ie\/wordpress\/wp-json\/wp\/v2\/pages\/225\/revisions\/302"}],"wp:attachment":[{"href":"http:\/\/drlynchballyvourney.ie\/wordpress\/wp-json\/wp\/v2\/media?parent=225"}],"curies":[{"name":"wp","href":"https:\/\/api.w.org\/{rel}","templated":true}]}}