{"id":313,"date":"2014-07-26T10:30:28","date_gmt":"2014-07-26T09:30:28","guid":{"rendered":"http:\/\/drlynchballyvourney.ie\/wordpress\/?page_id=313"},"modified":"2014-07-26T10:30:51","modified_gmt":"2014-07-26T09:30:51","slug":"ballyvourney-near-the-town-of-sweet-macroom","status":"publish","type":"page","link":"http:\/\/drlynchballyvourney.ie\/wordpress\/ballyvourney-near-the-town-of-sweet-macroom\/","title":{"rendered":"Ballyvourney Near The Town Of Sweet Macroom"},"content":{"rendered":"<h1 style=\"text-align: center;\"><span style=\"color: #993300;\"><em>The following is a song which was adapted to honour <\/em><\/span><span style=\"color: #993300;\"><em>an Docht\u00fair D\u00f3mhnall \u00d3 Loingsigh &#8211;<\/em><\/span><\/h1>\n<p>&nbsp;<\/p>\n<h3 style=\"text-align: center;\"><span style=\"color: #000000;\"><em><strong>I have travelled wide across the tide<\/strong><\/em><\/span><\/h3>\n<h3 style=\"text-align: center;\"><span style=\"color: #000000;\"><em><strong>And many the place I\u2019ve seen<\/strong><\/em><\/span><\/h3>\n<h3 style=\"text-align: center;\"><span style=\"color: #000000;\"><em><strong>Switzerland, America and Africa I\u2019ve been<\/strong><\/em><\/span><\/h3>\n<h3 style=\"text-align: center;\"><span style=\"color: #000000;\"><em><strong>But the sweetest spot in all the world<\/strong><\/em><\/span><\/h3>\n<h3 style=\"text-align: center;\"><span style=\"color: #000000;\"><em><strong>When covered in summer\u2019s bloom<\/strong><\/em><\/span><\/h3>\n<h3 style=\"text-align: center;\"><span style=\"color: #000000;\"><em><strong>Is dear old Ballyvourney near the town of sweet Macroom<\/strong><\/em><\/span><\/h3>\n<h3 style=\"text-align: center;\"><span style=\"color: #000000;\"><em><strong>\u00a0<\/strong><\/em><\/span><\/h3>\n<h3 style=\"text-align: center;\"><span style=\"color: #000000;\"><em><strong>I have been to Gougane Barra<\/strong><\/em><\/span><\/h3>\n<h3 style=\"text-align: center;\"><span style=\"color: #000000;\"><em><strong>And the pass of C\u00e9im an Fhia<\/strong><\/em><\/span><\/h3>\n<h3 style=\"text-align: center;\"><span style=\"color: #000000;\"><em><strong>I\u2019ve been down by Queenstown<\/strong><\/em><\/span><\/h3>\n<h3 style=\"text-align: center;\"><span style=\"color: #000000;\"><em><strong>And around by Bantry Bay<\/strong><\/em><\/span><\/h3>\n<h3 style=\"text-align: center;\"><span style=\"color: #000000;\"><em><strong>The hills of Connemara<\/strong><\/em><\/span><\/h3>\n<h3 style=\"text-align: center;\"><span style=\"color: #000000;\"><em><strong>Galtee Mountains and Sl\u00edabh Bloom<\/strong><\/em><\/span><\/h3>\n<h3 style=\"text-align: center;\"><span style=\"color: #000000;\"><em><strong>Ach is fearr liom Ballyvourney<\/strong><\/em><\/span><\/h3>\n<h3 style=\"text-align: center;\"><span style=\"color: #000000;\"><em><strong>Near the town of sweet Macroom<\/strong><\/em><\/span><\/h3>\n<h3 style=\"text-align: center;\"><span style=\"color: #000000;\"><em><strong>\u00a0<\/strong><\/em><\/span><\/h3>\n<h3 style=\"text-align: center;\"><span style=\"color: #000000;\"><em><strong>It was there some Irish scholars<\/strong><\/em><\/span><\/h3>\n<h3 style=\"text-align: center;\"><span style=\"color: #000000;\"><em><strong>First saw the light of day<\/strong><\/em><\/span><\/h3>\n<h3 style=\"text-align: center;\"><span style=\"color: #000000;\"><em><strong>The Sheehans and the Scannells<\/strong><\/em><\/span><\/h3>\n<h3 style=\"text-align: center;\"><span style=\"color: #000000;\"><em><strong>And the Learys from Coolea<\/strong><\/em><\/span><\/h3>\n<h3 style=\"text-align: center;\"><span style=\"color: #000000;\"><em><strong>The Murphys and the Lynchs<\/strong><\/em><\/span><\/h3>\n<h3 style=\"text-align: center;\"><span style=\"color: #000000;\"><em><strong>And other scholars too<\/strong><\/em><\/span><\/h3>\n<h3 style=\"text-align: center;\"><span style=\"color: #000000;\"><em><strong>Should be proud of Ballyvourney<\/strong><\/em><\/span><\/h3>\n<h3 style=\"text-align: center;\"><span style=\"color: #000000;\"><em><strong>Near the town of sweet Macroom<\/strong><\/em><\/span><\/h3>\n<h3 style=\"text-align: center;\"><span style=\"color: #000000;\"><em><strong>\u00a0<\/strong><\/em><\/span><\/h3>\n<h3 style=\"text-align: center;\"><span style=\"color: #000000;\"><em><strong>Dr Lynch whose name is loved by every Ballyvourneyite<\/strong><\/em><\/span><\/h3>\n<h3 style=\"text-align: center;\"><span style=\"color: #000000;\"><em><strong>He worked for the Gaelic cause<\/strong><\/em><\/span><\/h3>\n<h3 style=\"text-align: center;\"><span style=\"color: #000000;\"><em><strong>From morning until night<\/strong><\/em><\/span><\/h3>\n<h3 style=\"text-align: center;\"><span style=\"color: #000000;\"><em><strong>His heart was as big as the highest hill in Coom<\/strong><\/em><\/span><\/h3>\n<h3 style=\"text-align: center;\"><span style=\"color: #000000;\"><em><strong>He was king of Ballyvourney<\/strong><\/em><\/span><\/h3>\n<h3 style=\"text-align: center;\"><span style=\"color: #000000;\"><em><strong>Near the town of sweet Macroom<\/strong><\/em><\/span><\/h3>\n<p>&nbsp;<\/p>\n<h5><em><span style=\"color: #808080;\">The words of this song were kindly provided by Joan Cronin, Macroom (nee O&#8217;Leary &#8211; a granddaughter of an Docht\u00fair D\u00f3mhnall \u00d3 Loingsigh).<\/span><\/em><\/h5>\n","protected":false},"excerpt":{"rendered":"<p>The following is a song which was adapted to honour an Docht\u00fair D\u00f3mhnall \u00d3 Loingsigh &#8211; &nbsp; I have travelled wide across the tide And many the place I\u2019ve seen Switzerland, America and Africa I\u2019ve been But the sweetest spot in all the world When covered in summer\u2019s bloom Is dear old Ballyvourney near the [&hellip;]<\/p>\n","protected":false},"author":1,"featured_media":0,"parent":0,"menu_order":0,"comment_status":"closed","ping_status":"closed","template":"","meta":{"ngg_post_thumbnail":0},"_links":{"self":[{"href":"http:\/\/drlynchballyvourney.ie\/wordpress\/wp-json\/wp\/v2\/pages\/313"}],"collection":[{"href":"http:\/\/drlynchballyvourney.ie\/wordpress\/wp-json\/wp\/v2\/pages"}],"about":[{"href":"http:\/\/drlynchballyvourney.ie\/wordpress\/wp-json\/wp\/v2\/types\/page"}],"author":[{"embeddable":true,"href":"http:\/\/drlynchballyvourney.ie\/wordpress\/wp-json\/wp\/v2\/users\/1"}],"replies":[{"embeddable":true,"href":"http:\/\/drlynchballyvourney.ie\/wordpress\/wp-json\/wp\/v2\/comments?post=313"}],"version-history":[{"count":5,"href":"http:\/\/drlynchballyvourney.ie\/wordpress\/wp-json\/wp\/v2\/pages\/313\/revisions"}],"predecessor-version":[{"id":318,"href":"http:\/\/drlynchballyvourney.ie\/wordpress\/wp-json\/wp\/v2\/pages\/313\/revisions\/318"}],"wp:attachment":[{"href":"http:\/\/drlynchballyvourney.ie\/wordpress\/wp-json\/wp\/v2\/media?parent=313"}],"curies":[{"name":"wp","href":"https:\/\/api.w.org\/{rel}","templated":true}]}}