{"id":32,"date":"2014-04-30T09:58:54","date_gmt":"2014-04-30T08:58:54","guid":{"rendered":"http:\/\/drlynchballyvourney.ie\/wordpress\/?page_id=32"},"modified":"2014-07-25T18:45:30","modified_gmt":"2014-07-25T17:45:30","slug":"ballyvourney-beginnings","status":"publish","type":"page","link":"http:\/\/drlynchballyvourney.ie\/wordpress\/ballyvourney-beginnings\/","title":{"rendered":"Ballyvourney Beginnings"},"content":{"rendered":"<h4>Among the two thousand men who remained in Ireland following <span style=\"color: #000000;\">&#8220;<em>The Flight of the Wild Geese<\/em>&#8220;\u2217 <\/span>were four Lynch brothers \u2013 Michael, Dan, Jeremiah and Con. They settled for some time in Bantry, Co. Cork eventually making their way to Ballyvourney, Co. Cork. They settled in the townlands of Togher, Lyre, Coomaguire, Ullanes and what is known now as The Flatts. (It is believed that all Lynches except the Lynch family in Ullanes West are descendants of these brothers. It is important to note\u00a0there are\u00a0no records at present to prove or disprove such a claim.)<\/h4>\n<h4>There were no Lynches listed in the census taken in 1659 for that area. The Lynch brother who settled in The Flatts lived where one turns off the N22 (the Macroom-Killarney Road) for \u201cSt Gobnaits Graveyard\u201d.<\/h4>\n<h4>The Flatts\u00a0extends eastwards along the Sullane river and across the road from what is now the Abbey Hotel. Colthurst was the landlord at that time, so they would have been his tenants and were given some acres of land which they paid Colthurst rent for it. They would have grown their own potatoes, which was the staple diet, probably had a cow, pig and also hens, and of course there was no machinery at that time so all the work was done manually or with a horse if one were available. The pigs were killed and preserved in salt, and were shared amongst the neighbours who in turn shared their meat and milk etc.<\/h4>\n<h4>This Lynch family had a \u201cShebeen\u201d (a pub without a licence) \u2013 these were common at that time and the drink was homemade. They had placed \u00a0a bottle on the top of the chimney to indicate to those passing the road that there was drink available.<\/h4>\n<h4><a href=\"http:\/\/drlynchballyvourney.ie\/wordpress\/wp-content\/uploads\/2014\/04\/St-Gobnaits-Graveyard.jpg\"><img loading=\"lazy\" class=\"alignleft wp-image-241 size-medium\" src=\"http:\/\/drlynchballyvourney.ie\/wordpress\/wp-content\/uploads\/2014\/04\/St-Gobnaits-Graveyard-300x225.jpg\" alt=\"St Gobnaits Graveyard\" width=\"300\" height=\"225\" srcset=\"http:\/\/drlynchballyvourney.ie\/wordpress\/wp-content\/uploads\/2014\/04\/St-Gobnaits-Graveyard-300x225.jpg 300w, http:\/\/drlynchballyvourney.ie\/wordpress\/wp-content\/uploads\/2014\/04\/St-Gobnaits-Graveyard-1024x768.jpg 1024w, http:\/\/drlynchballyvourney.ie\/wordpress\/wp-content\/uploads\/2014\/04\/St-Gobnaits-Graveyard-640x480.jpg 640w\" sizes=\"(max-width: 300px) 100vw, 300px\" \/><br \/>\n<\/a><\/h4>\n<h4><\/h4>\n<h4>They were also caretakers of \u201cSt Gobnait\u2019s Graveyard\u201d and it was they who\u00a0found \u201cSt Gobnait\u2019s\u201d Bulla (bowl) while opening graves in the early 18<sup>th<\/sup> century.<\/h4>\n<p>&nbsp;<\/p>\n<h4>This bulla (or bowl) is made of iron, it was round and smooth and traditionally it was believed to have healing powers.<\/h4>\n<p><a href=\"http:\/\/drlynchballyvourney.ie\/wordpress\/wp-content\/uploads\/2014\/04\/IMG_3896.jpg\"><img loading=\"lazy\" class=\"alignleft size-medium wp-image-245\" src=\"http:\/\/drlynchballyvourney.ie\/wordpress\/wp-content\/uploads\/2014\/04\/IMG_3896-300x225.jpg\" alt=\"IMG_3896\" width=\"300\" height=\"225\" srcset=\"http:\/\/drlynchballyvourney.ie\/wordpress\/wp-content\/uploads\/2014\/04\/IMG_3896-300x225.jpg 300w, http:\/\/drlynchballyvourney.ie\/wordpress\/wp-content\/uploads\/2014\/04\/IMG_3896-1024x768.jpg 1024w, http:\/\/drlynchballyvourney.ie\/wordpress\/wp-content\/uploads\/2014\/04\/IMG_3896-640x480.jpg 640w\" sizes=\"(max-width: 300px) 100vw, 300px\" \/><\/a><a href=\"http:\/\/drlynchballyvourney.ie\/wordpress\/wp-content\/uploads\/2014\/04\/St-Gobnaits-Bulla.jpg\"><img loading=\"lazy\" class=\"alignright wp-image-240 size-medium\" src=\"http:\/\/drlynchballyvourney.ie\/wordpress\/wp-content\/uploads\/2014\/04\/St-Gobnaits-Bulla-300x225.jpg\" alt=\"St Gobnaits Bulla\" width=\"300\" height=\"225\" srcset=\"http:\/\/drlynchballyvourney.ie\/wordpress\/wp-content\/uploads\/2014\/04\/St-Gobnaits-Bulla-300x225.jpg 300w, http:\/\/drlynchballyvourney.ie\/wordpress\/wp-content\/uploads\/2014\/04\/St-Gobnaits-Bulla-1024x768.jpg 1024w, http:\/\/drlynchballyvourney.ie\/wordpress\/wp-content\/uploads\/2014\/04\/St-Gobnaits-Bulla-640x480.jpg 640w\" sizes=\"(max-width: 300px) 100vw, 300px\" \/><\/a><\/p>\n<h4>St Gobnait is said to have used it to keep marauders from her church and convents, by throwing it in their direction and it is supposed to have returned back to her hands. After it was found by the Lynches it was put into the western gable end of the old church ruin where it remains to this day.<\/h4>\n<h4>Directly underneath this there is a square surrounded by a stone ditch and\u00a0on this ditch there are many headstones. This is where the Lynches burial ground was located, from the time they came to Ballyvourney in the 17<sup>th<\/sup> to early 18<sup>th<\/sup> century.<\/h4>\n<p style=\"text-align: left;\"><img loading=\"lazy\" class=\"alignleft size-medium wp-image-237\" src=\"http:\/\/drlynchballyvourney.ie\/wordpress\/wp-content\/uploads\/2014\/04\/3-headstones-in-Dr-Lynch-plot-300x225.jpg\" alt=\"3 headstones in Dr Lynch plot\" width=\"300\" height=\"225\" srcset=\"http:\/\/drlynchballyvourney.ie\/wordpress\/wp-content\/uploads\/2014\/04\/3-headstones-in-Dr-Lynch-plot-300x225.jpg 300w, http:\/\/drlynchballyvourney.ie\/wordpress\/wp-content\/uploads\/2014\/04\/3-headstones-in-Dr-Lynch-plot-1024x768.jpg 1024w, http:\/\/drlynchballyvourney.ie\/wordpress\/wp-content\/uploads\/2014\/04\/3-headstones-in-Dr-Lynch-plot-640x480.jpg 640w\" sizes=\"(max-width: 300px) 100vw, 300px\" \/><a href=\"http:\/\/drlynchballyvourney.ie\/wordpress\/wp-content\/uploads\/2014\/04\/Dr-Lynch-Gravestone-Inscription.jpg\"><img loading=\"lazy\" class=\"alignright size-medium wp-image-238\" src=\"http:\/\/drlynchballyvourney.ie\/wordpress\/wp-content\/uploads\/2014\/04\/Dr-Lynch-Gravestone-Inscription-300x225.jpg\" alt=\"Dr Lynch Gravestone Inscription\" width=\"300\" height=\"225\" srcset=\"http:\/\/drlynchballyvourney.ie\/wordpress\/wp-content\/uploads\/2014\/04\/Dr-Lynch-Gravestone-Inscription-300x225.jpg 300w, http:\/\/drlynchballyvourney.ie\/wordpress\/wp-content\/uploads\/2014\/04\/Dr-Lynch-Gravestone-Inscription-1024x768.jpg 1024w, http:\/\/drlynchballyvourney.ie\/wordpress\/wp-content\/uploads\/2014\/04\/Dr-Lynch-Gravestone-Inscription-640x480.jpg 640w\" sizes=\"(max-width: 300px) 100vw, 300px\" \/><\/a><\/p>\n<h4 style=\"text-align: left;\"><\/h4>\n<h4 style=\"text-align: left;\"><\/h4>\n<h4 style=\"text-align: left;\"><\/h4>\n<h4 style=\"text-align: left;\">The descendants of\u00a0Dan Lynch (who went to Kerry) and\u00a0his brother\u00a0John (went to Bantry), are buried in Ballyvourney. The descendants of Michael who went to live in Rathmore are buried in Millstreet.<\/h4>\n<h4>Back in\u00a0the square facing the western gable end of the church there is an old headstone on top of\u00a0which are some symbols of a religious nature e.g. \u201cWe will rise again\u201d.\u00a0Under these symbols is the name Michael Lynch born 1735, who was a son to the Lynch brother who settled in The Flatts.<\/h4>\n<h4>Michael married Ellen, she was born c.1740 &#8211; died 22<sup>nd<\/sup> November 1799 and they lived in his father\u2019s \u201cShebeen\u201d at the Flatts, Ballyvourney, Co. Cork. They had three sons and possibly many more other children but\u00a0we do not have any records of these at present. The three sons were Dan (born 1774), Michael (born 1775) and\u00a0John (born 1776).<\/h4>\n<h4>These three brothers left Ballyvourney between 1810 &#8211; 1815 approx. Michael married and settled in Rathduane, Millstreet; John married and settled in Bantry and Dan married Johanna Healy (born 1780 \u2013 died 8<sup>th<\/sup> August 1870) from Derrymaclavoide, Clonkeen, Killarney, Co. Kerry. When Dan and Johanna left Ballyvourney her father gave them half of his farm and they settled in the east side of Derrymaclavoide and later moved to the west side. This was a common occurrence at that time if a family were having bad luck or were not happy.<\/h4>\n<h4>In Griffith\u2019s Survey of Valuations 1853, for the townland of Derrymaclavoide, Denis Healy and Denis Healy Junior were farming 443 acres with Johanna Lynch and her son Con farming 529 acres. This was mostly mountain and was divided several times to give a living to their descendants. As these families lived so close in time each Lynch family had their own name e.g. The Counts, the Colonels, The Dicks and The Willies.<\/h4>\n<p>&nbsp;<\/p>\n<h5><strong><em>Courtesy of research gathered by Mgt. Curtis (nee Lynch)<\/em>.<\/strong><\/h5>\n<h6><em>It should be noted that as of yet, no connection can be made between the above-described Lynches and the Togher Lynches (from which An Docht\u00fair D\u00f3mhnall \u00d3 Loingsigh originated).<\/em><\/h6>\n<h6><em>\u2217 &#8220;The Flight of the Wild Geese&#8221; was the departure of an Irish Jacobite army under the command of Patrick Sarsfield, from Ireland to France, as agreed in the Treaty of Limerick on 3 October 1691, following the end of the Williamite War in Ireland.<\/em><\/h6>\n","protected":false},"excerpt":{"rendered":"<p>Among the two thousand men who remained in Ireland following &#8220;The Flight of the Wild Geese&#8220;\u2217 were four Lynch brothers \u2013 Michael, Dan, Jeremiah and Con. They settled for some time in Bantry, Co. Cork eventually making their way to Ballyvourney, Co. Cork. They settled in the townlands of Togher, Lyre, Coomaguire, Ullanes and what [&hellip;]<\/p>\n","protected":false},"author":1,"featured_media":0,"parent":0,"menu_order":0,"comment_status":"closed","ping_status":"closed","template":"","meta":{"ngg_post_thumbnail":0},"_links":{"self":[{"href":"http:\/\/drlynchballyvourney.ie\/wordpress\/wp-json\/wp\/v2\/pages\/32"}],"collection":[{"href":"http:\/\/drlynchballyvourney.ie\/wordpress\/wp-json\/wp\/v2\/pages"}],"about":[{"href":"http:\/\/drlynchballyvourney.ie\/wordpress\/wp-json\/wp\/v2\/types\/page"}],"author":[{"embeddable":true,"href":"http:\/\/drlynchballyvourney.ie\/wordpress\/wp-json\/wp\/v2\/users\/1"}],"replies":[{"embeddable":true,"href":"http:\/\/drlynchballyvourney.ie\/wordpress\/wp-json\/wp\/v2\/comments?post=32"}],"version-history":[{"count":7,"href":"http:\/\/drlynchballyvourney.ie\/wordpress\/wp-json\/wp\/v2\/pages\/32\/revisions"}],"predecessor-version":[{"id":247,"href":"http:\/\/drlynchballyvourney.ie\/wordpress\/wp-json\/wp\/v2\/pages\/32\/revisions\/247"}],"wp:attachment":[{"href":"http:\/\/drlynchballyvourney.ie\/wordpress\/wp-json\/wp\/v2\/media?parent=32"}],"curies":[{"name":"wp","href":"https:\/\/api.w.org\/{rel}","templated":true}]}}