{"id":6,"date":"2014-04-26T21:11:04","date_gmt":"2014-04-26T20:11:04","guid":{"rendered":"http:\/\/drlynchballyvourney.ie\/wordpress\/?page_id=6"},"modified":"2019-09-13T12:10:55","modified_gmt":"2019-09-13T11:10:55","slug":"an-dochtuir-o-loingsigh-front-page","status":"publish","type":"page","link":"http:\/\/drlynchballyvourney.ie\/wordpress\/","title":{"rendered":"An Docht\u00fair \u00d3 Loingsigh Homepage"},"content":{"rendered":"<h1 style=\"text-align: center;\" align=\"LEFT\"><span style=\"color: #000000;\"><span style=\"color: #993300;\">2019 <\/span>Event Update &#8230;..<\/span><\/h1>\n<h4 style=\"text-align: center;\">&nbsp;<\/h4>\n<h2 style=\"text-align: center;\"><span style=\"color: #000000;\"><strong>The <\/strong><\/span><span style=\"color: #008000;\"><strong><em>6<sup>th<\/sup> Annual <span style=\"color: #000000;\">An Docht\u00fair \u00d3 Loingsigh Gathering<\/span><\/em><\/strong><\/span><span style=\"color: #000000;\"><strong> will take place on <\/strong><\/span><\/h2>\n<h2 style=\"text-align: center;\"><span style=\"color: #008000;\"><strong><span style=\"color: #993300;\">Saturday September 14th 2019<\/span> <\/strong><\/span><\/h2>\n<h2 style=\"text-align: center;\"><span style=\"color: #000000;\"><strong>in the <span style=\"color: #008000;\"><em>Ionad Cult\u00fartha an Docht\u00fair \u00d3 Loingsigh<\/em><\/span>.<\/strong><\/span><\/h2>\n<h3 style=\"text-align: center;\"><strong>The <span style=\"color: #993300;\"><em>Welcome<\/em> <em>Reception<\/em><\/span> starts at <span style=\"color: #008000;\">2.30pm<\/span> with the <span style=\"color: #993300;\"><em>Opening Introduction<\/em><\/span> taking place at <span style=\"color: #008000;\">3pm<\/span>. <\/strong><\/h3>\n<p>&nbsp;<\/p>\n<h3 style=\"text-align: center;\"><em><strong>This year&#8217;s speakers are:<br \/>\n<\/strong><\/em><\/h3>\n<ul>\n<li>\n<h4><em><span style=\"color: #800000;\">Professor D\u00e1ibh\u00ed \u00d3 Cr\u00f3in\u00edn, <span style=\"color: #008000;\">Department of History, NUI Galway<\/span><\/span><\/em><\/h4>\n<\/li>\n<li>\n<h4><em><span style=\"color: #800000;\">Dr. Caoimh\u00edn de Bhail\u00eds, <span style=\"color: #008000;\">Independent Art Historian<\/span><\/span><\/em><\/h4>\n<\/li>\n<li>\n<h4><em><span style=\"color: #800000;\">Dr. Se\u00e1n Ua S\u00failleabh\u00e1in, <span style=\"color: #008000;\">Department of Modern Irish, UCC<\/span><\/span><\/em><\/h4>\n<\/li>\n<\/ul>\n<h3 style=\"text-align: center;\"><strong>The afternoon concludes with the presentation of <\/strong><\/h3>\n<h3 style=\"text-align: center;\"><strong><span style=\"color: #993300;\"><em><span style=\"color: #008000;\">Gradam an Docht\u00fair \u00d3 Loingsigh 2019<\/span> <\/em><\/span><\/strong><\/h3>\n<h3 style=\"text-align: center;\"><span style=\"color: #000000;\">to <\/span><\/h3>\n<h2 style=\"text-align: center;\"><span style=\"color: #800000;\"><em>Conrad Creedon <\/em><\/span><\/h2>\n<h3 style=\"text-align: center;\"><span style=\"color: #800000;\"><span style=\"color: #000000;\">of <\/span><\/span><\/h3>\n<h3 style=\"text-align: center;\"><span style=\"color: #800000;\"><span style=\"color: #008000;\">The Abbey Hotel<\/span><\/span><\/h3>\n<h3>&nbsp;<\/h3>\n<h3 style=\"text-align: center;\"><strong>The <span style=\"color: #993300;\"><em>Annual Dr Lynch Commemorative Dinner<\/em><\/span> will be held in <span style=\"color: #008000;\"><em>The Abbey Hotel, Ballyvourney<\/em><\/span> where we will gather at <\/strong><span style=\"color: #993300;\"><strong>6pm for 6.30pm.<\/strong><\/span><\/h3>\n<h3>&nbsp;<\/h3>\n<h4 style=\"text-align: center;\"><strong>For further information please contact<\/strong><strong> <a href=\"mailto:reidinlynch@drlynchballyvourney.ie\"><span style=\"color: #0000ff;\">reidinlynch@drlynchballyvourney.ie<\/span><\/a><\/strong><\/h4>\n<h4 style=\"text-align: center;\" align=\"LEFT\"><span style=\"color: #993300;\"><em>The purpose of this website is to give an insight into the fascinating life and times of former Togher, Coolea resident Daniel Lynch, who in later life became known as &nbsp;&nbsp;&nbsp; &nbsp; &nbsp; &nbsp; &nbsp;&nbsp; <\/em><\/span><span style=\"color: #000000;\"><em>An Docht\u00fair D\u00f3mhnall \u00d3 Loingsigh.<\/em><\/span><\/h4>\n","protected":false},"excerpt":{"rendered":"<p>2019 Event Update &#8230;.. &nbsp; The 6th Annual An Docht\u00fair \u00d3 Loingsigh Gathering will take place on Saturday September 14th 2019 in the Ionad Cult\u00fartha an Docht\u00fair \u00d3 Loingsigh. The Welcome Reception starts at 2.30pm with the Opening Introduction taking place at 3pm. &nbsp; This year&#8217;s speakers are: Professor D\u00e1ibh\u00ed \u00d3 Cr\u00f3in\u00edn, Department of History, [&hellip;]<\/p>\n","protected":false},"author":1,"featured_media":0,"parent":0,"menu_order":0,"comment_status":"closed","ping_status":"closed","template":"","meta":{"ngg_post_thumbnail":0},"_links":{"self":[{"href":"http:\/\/drlynchballyvourney.ie\/wordpress\/wp-json\/wp\/v2\/pages\/6"}],"collection":[{"href":"http:\/\/drlynchballyvourney.ie\/wordpress\/wp-json\/wp\/v2\/pages"}],"about":[{"href":"http:\/\/drlynchballyvourney.ie\/wordpress\/wp-json\/wp\/v2\/types\/page"}],"author":[{"embeddable":true,"href":"http:\/\/drlynchballyvourney.ie\/wordpress\/wp-json\/wp\/v2\/users\/1"}],"replies":[{"embeddable":true,"href":"http:\/\/drlynchballyvourney.ie\/wordpress\/wp-json\/wp\/v2\/comments?post=6"}],"version-history":[{"count":35,"href":"http:\/\/drlynchballyvourney.ie\/wordpress\/wp-json\/wp\/v2\/pages\/6\/revisions"}],"predecessor-version":[{"id":1033,"href":"http:\/\/drlynchballyvourney.ie\/wordpress\/wp-json\/wp\/v2\/pages\/6\/revisions\/1033"}],"wp:attachment":[{"href":"http:\/\/drlynchballyvourney.ie\/wordpress\/wp-json\/wp\/v2\/media?parent=6"}],"curies":[{"name":"wp","href":"https:\/\/api.w.org\/{rel}","templated":true}]}}