{"id":693,"date":"2017-10-02T12:36:07","date_gmt":"2017-10-02T11:36:07","guid":{"rendered":"http:\/\/drlynchballyvourney.ie\/wordpress\/?page_id=693"},"modified":"2019-02-27T14:24:54","modified_gmt":"2019-02-27T14:24:54","slug":"new-2017-media-links","status":"publish","type":"page","link":"http:\/\/drlynchballyvourney.ie\/wordpress\/new-2017-media-links\/","title":{"rendered":"2017 Media Links"},"content":{"rendered":"<h1><span style=\"color: #000000;\"><a title=\"M\u00fascra\u00ed\" href=\"https:\/\/muscrai.wordpress.com\/\" rel=\"home\">M\u00fascra\u00ed<\/a> &#8211; 1<\/span>3th August 2017<\/h1>\n<h2><a href=\"https:\/\/muscrai.wordpress.com\/2017\/08\/13\/an-dochtuir-donal-o-loingsigh\/\" rel=\"bookmark\"><span style=\"color: #0000ff;\">An Docht\u00fair D\u00f3nal \u00d3&nbsp;Loingsigh<\/span><\/a><\/h2>\n<p>&nbsp;<\/p>\n<h1>Lee Valley Outlook &#8211; Thursday September 14th 2017<\/h1>\n<h2><span style=\"color: #0000ff;\">Celebrating An Docht\u00fair \u00d3 Loingsigh<\/span><\/h2>\n<p><a href=\"http:\/\/www.macroom.ie\/news\/lee-valley-outlook-current-issue\/109-lee-valley-outlook-archive-2017\/413-lee-valley-outlook-sept-14-2017-v14e19\">http:\/\/www.macroom.ie\/news\/lee-valley-outlook-current-issue\/109-lee-valley-outlook-archive-2017\/413-lee-valley-outlook-sept-14-2017-v14e19<\/a><\/p>\n<p><img loading=\"lazy\" class=\"aligncenter size-medium wp-image-699\" src=\"http:\/\/drlynchballyvourney.ie\/wordpress\/wp-content\/uploads\/2017\/10\/Celebrating-An-Dochtuir-O-Loingsigh-Lee-Valley-Outlook-Sept-14-2017-v14e19-300x287.png\" alt=\"\" width=\"300\" height=\"287\" srcset=\"http:\/\/drlynchballyvourney.ie\/wordpress\/wp-content\/uploads\/2017\/10\/Celebrating-An-Dochtuir-O-Loingsigh-Lee-Valley-Outlook-Sept-14-2017-v14e19-300x287.png 300w, http:\/\/drlynchballyvourney.ie\/wordpress\/wp-content\/uploads\/2017\/10\/Celebrating-An-Dochtuir-O-Loingsigh-Lee-Valley-Outlook-Sept-14-2017-v14e19-768x734.png 768w, http:\/\/drlynchballyvourney.ie\/wordpress\/wp-content\/uploads\/2017\/10\/Celebrating-An-Dochtuir-O-Loingsigh-Lee-Valley-Outlook-Sept-14-2017-v14e19-640x611.png 640w, http:\/\/drlynchballyvourney.ie\/wordpress\/wp-content\/uploads\/2017\/10\/Celebrating-An-Dochtuir-O-Loingsigh-Lee-Valley-Outlook-Sept-14-2017-v14e19.png 915w\" sizes=\"(max-width: 300px) 100vw, 300px\" \/><\/p>\n<h1><\/h1>\n<h1>Evening Echo &#8211; Tuesday September 19th 2017<\/h1>\n<h2><span style=\"color: #0000ff;\"><strong>Sc\u00e9alta \u00d3 Mh\u00fascra\u00ed le Pet U\u00ed Chonaill<\/strong><\/span><\/h2>\n<p><a href=\"http:\/\/www.eveningecho.ie\/life\/Cuimsionn-ostlannaithe-spiorad-an-Dr-O-Loingsigh-5dbd8a5a-43cc-4aeb-9f11-0d175d0b51a1-\">http:\/\/www.eveningecho.ie\/life\/Cuimsionn-ostlannaithe-spiorad-an-Dr-O-Loingsigh-5dbd8a5a-43cc-4aeb-9f11-0d175d0b51a1-<\/a>ds<\/p>\n<p>&nbsp;<\/p>\n<h1>Irish Examiner &#8211; Tuesday September 26th 2017<\/h1>\n<h2><span style=\"color: #0000ff;\">County Supplement &#8211; <strong>Pet U\u00ed Chonaill<\/strong><\/span><\/h2>\n<p><img loading=\"lazy\" class=\"aligncenter size-medium wp-image-694\" src=\"http:\/\/drlynchballyvourney.ie\/wordpress\/wp-content\/uploads\/2017\/10\/County-Supplement-Pet-Ui-Chonaill-Tuesday-September-26th-2017-238x300.png\" alt=\"\" width=\"238\" height=\"300\" srcset=\"http:\/\/drlynchballyvourney.ie\/wordpress\/wp-content\/uploads\/2017\/10\/County-Supplement-Pet-Ui-Chonaill-Tuesday-September-26th-2017-238x300.png 238w, http:\/\/drlynchballyvourney.ie\/wordpress\/wp-content\/uploads\/2017\/10\/County-Supplement-Pet-Ui-Chonaill-Tuesday-September-26th-2017-640x808.png 640w, http:\/\/drlynchballyvourney.ie\/wordpress\/wp-content\/uploads\/2017\/10\/County-Supplement-Pet-Ui-Chonaill-Tuesday-September-26th-2017.png 710w\" sizes=\"(max-width: 238px) 100vw, 238px\" \/><\/p>\n","protected":false},"excerpt":{"rendered":"<p>M\u00fascra\u00ed &#8211; 13th August 2017 An Docht\u00fair D\u00f3nal \u00d3&nbsp;Loingsigh &nbsp; Lee Valley Outlook &#8211; Thursday September 14th 2017 Celebrating An Docht\u00fair \u00d3 Loingsigh http:\/\/www.macroom.ie\/news\/lee-valley-outlook-current-issue\/109-lee-valley-outlook-archive-2017\/413-lee-valley-outlook-sept-14-2017-v14e19 Evening Echo &#8211; Tuesday September 19th 2017 Sc\u00e9alta \u00d3 Mh\u00fascra\u00ed le Pet U\u00ed Chonaill http:\/\/www.eveningecho.ie\/life\/Cuimsionn-ostlannaithe-spiorad-an-Dr-O-Loingsigh-5dbd8a5a-43cc-4aeb-9f11-0d175d0b51a1-ds &nbsp; Irish Examiner &#8211; Tuesday September 26th 2017 County Supplement &#8211; Pet U\u00ed Chonaill<\/p>\n","protected":false},"author":1,"featured_media":0,"parent":0,"menu_order":0,"comment_status":"closed","ping_status":"closed","template":"","meta":{"ngg_post_thumbnail":0},"_links":{"self":[{"href":"http:\/\/drlynchballyvourney.ie\/wordpress\/wp-json\/wp\/v2\/pages\/693"}],"collection":[{"href":"http:\/\/drlynchballyvourney.ie\/wordpress\/wp-json\/wp\/v2\/pages"}],"about":[{"href":"http:\/\/drlynchballyvourney.ie\/wordpress\/wp-json\/wp\/v2\/types\/page"}],"author":[{"embeddable":true,"href":"http:\/\/drlynchballyvourney.ie\/wordpress\/wp-json\/wp\/v2\/users\/1"}],"replies":[{"embeddable":true,"href":"http:\/\/drlynchballyvourney.ie\/wordpress\/wp-json\/wp\/v2\/comments?post=693"}],"version-history":[{"count":7,"href":"http:\/\/drlynchballyvourney.ie\/wordpress\/wp-json\/wp\/v2\/pages\/693\/revisions"}],"predecessor-version":[{"id":1004,"href":"http:\/\/drlynchballyvourney.ie\/wordpress\/wp-json\/wp\/v2\/pages\/693\/revisions\/1004"}],"wp:attachment":[{"href":"http:\/\/drlynchballyvourney.ie\/wordpress\/wp-json\/wp\/v2\/media?parent=693"}],"curies":[{"name":"wp","href":"https:\/\/api.w.org\/{rel}","templated":true}]}}