{"id":72,"date":"2014-04-30T10:00:03","date_gmt":"2014-04-30T09:00:03","guid":{"rendered":"http:\/\/drlynchballyvourney.ie\/wordpress\/?page_id=72"},"modified":"2014-07-26T10:13:24","modified_gmt":"2014-07-26T09:13:24","slug":"dr-lynch-the-land-wars","status":"publish","type":"page","link":"http:\/\/drlynchballyvourney.ie\/wordpress\/dr-lynch-the-land-wars\/","title":{"rendered":"Dr Lynch &#038; The Land Wars"},"content":{"rendered":"<h4>Michael Davitt had founded the Land League in 1879 and it wasn\u2019t long until there was a branch in each parish in Ireland. A branch was founded in Ballyvourney in 1883. The land war started in the parish and\u00a0an Docht\u00fair D\u00f3mhnall \u00d3 Loingsigh was active in the local branch. He organised a big meeting of tenants in John Lucey\u2019s field in the Flatts on Sunday 30<sup>th<\/sup> May 1887. It is said that 9,000 people attended that meeting, amongst the speakers were\u00a0an Docht\u00fair \u00d3 Loingsigh and Dr Charles Tanner M.P. They both strongly criticised the suppression the landlords were enforcing on the tenants in Ballyvourney and in the Muskerry area.<\/h4>\n<h4>An Docht\u00fair \u00d3 Loingsigh was known to have been very active in the Land Wars during the 1880&#8217;s. The following is an extract from a speech he gave to the farmers of Muskerry in Lucey\u2019s field in Ballymakeera in 1887 \u2013<\/h4>\n<h4><strong><em>\u201c<\/em><em>Our ancestors were driven west to this area in the time of Cromwell and the Penal Laws and the plantations. After coming they had to till this poor, boggy mountainous land but after doing that with sweat and slavery they did not have possession of the land because the greedy English followed them with greed for their land and money. Estates were made of the small farms where the land was good, high unnatural rents were levied on the small mountainous farms, a rent that they were not able to pay. If they had not the rent ready on the day the bailiff called, the tenant was thrown out on the side of the road, also his wife and young family, without any mercy, pity or understanding. The landlord was \u2013 and still is \u2013 master, he owns the land and the fruits of the land. He owns the people, both men and women and the wild animals of the parish\u201d<\/em><\/strong>.<\/h4>\n<h4>An Docht\u00fair D\u00f3mhnall \u00d3 Loingsigh finished his speech with the question<strong><em> \u201cIs the farmer or the landlord the rightful owner of the land of Ireland?\u201d<\/em><\/strong>, and he answered his own question saying\u2013 <em><strong>\u201cThe world knows that it is the person who gives his sweat and who slaves on a mountainous farm from dawn to dusk, who deserves this land, and not the person who got it through bribery, foul play and plundering\u201d<\/strong><\/em>.<\/h4>\n<h4>D\u00f3nal B\u00e1n Kelleher said in his book <em>\u201cThe Story of My Life\u201d<\/em> that he saw the crowds going past his own house in Coolea after Mass that day and that a lot of them had come over from Kerry. They wore blue sashes, travelling on horseback on their way to the meeting in Ballyvourney. There was a big banner hanging over the road at Coolea Church saying <em><strong>\u201cCe\u00e1d Mile F\u00e1ilte Roimh Mhuintir Chiarra\u00ed\u201d<\/strong><\/em> and there was another banner over at the meeting place saying <em><strong>\u201cCeart dom, Ceart duit\u201d<\/strong><\/em>, <em>\u201cRights for you, rights for me\u201d<\/em>. The reason it was an historical day was that it was the first time ever that the people of Coolea and Ballyvourney had seen Irish language written on any public notice in the parish.<\/h4>\n<h4>A decision was made at this meeting that no more rent would be paid to the local landlord Colthurst. It was not long before the bailiffs were sent to the farmers houses with prosecutions and writs. The bailiff called one day to the house of Paddy Murray of\u00a0Inchemore. Paddy had two sons, Con and Jerry, who were big strong fellows. They fought with\u00a0the bailiff and\u00a0luckily\u00a0there were two Peelers (policemen)\u00a0out in the yard otherwise they would have killed him. The Murrays were immediately arrested and thrown into Cork Prison. They were sentenced to 6 months hard labour but\u00a0an Docht\u00fair \u00d3 Loingsigh immediately acted on their behalf.<\/h4>\n<h4>He appealed the sentence that was imposed on the Murrays, the case was re-tried and even though English lawyers were totally opposed to it, the hard labour was suspended and the 6 months was reduced to 3 months.<\/h4>\n<h4>This was an extraordinary case as the English authorities had learned, experienced articulate bravery, whereas the farmers had to defend themselves on advice from a doctor or a priest.\u00a0An Docht\u00fair D\u00f3mhnall \u00d3 Loingsigh was prepared to freely give advice and direction free of charge. He understood the problems of the tenants because his own people were farmers from Togher, Coolea.<\/h4>\n<h4 style=\"text-align: center;\">It should be noted that Daniel Lynch subsequently became a JP (Justice of the Peace) for the area in 1893 &#8211;<\/h4>\n<p><a href=\"http:\/\/drlynchballyvourney.ie\/wordpress\/wp-content\/uploads\/2014\/04\/Dr-Lynch-Appointment-to-Magistracy-1893.jpg\"><img loading=\"lazy\" class=\"aligncenter size-full wp-image-280\" src=\"http:\/\/drlynchballyvourney.ie\/wordpress\/wp-content\/uploads\/2014\/04\/Dr-Lynch-Appointment-to-Magistracy-1893.jpg\" alt=\"Dr Lynch Appointment to Magistracy 1893\" width=\"518\" height=\"537\" srcset=\"http:\/\/drlynchballyvourney.ie\/wordpress\/wp-content\/uploads\/2014\/04\/Dr-Lynch-Appointment-to-Magistracy-1893.jpg 518w, http:\/\/drlynchballyvourney.ie\/wordpress\/wp-content\/uploads\/2014\/04\/Dr-Lynch-Appointment-to-Magistracy-1893-289x300.jpg 289w\" sizes=\"(max-width: 518px) 100vw, 518px\" \/><\/a><\/p>\n<h4 style=\"text-align: center;\">The following is a letter that an Docht\u00fair D\u00f3mhnall \u00d3 Loingsigh wrote for his subscription to the Home Rule Fund, also\u00a0in\u00a01893 &#8211;<\/h4>\n<p><a href=\"http:\/\/drlynchballyvourney.ie\/wordpress\/wp-content\/uploads\/2014\/04\/Dr-Lynch-Home-Rule-Fund-Subscription-Letter-1893.jpg\"><img loading=\"lazy\" class=\"aligncenter size-full wp-image-282\" src=\"http:\/\/drlynchballyvourney.ie\/wordpress\/wp-content\/uploads\/2014\/04\/Dr-Lynch-Home-Rule-Fund-Subscription-Letter-1893.jpg\" alt=\"Dr Lynch Home Rule Fund Subscription Letter 1893\" width=\"478\" height=\"525\" srcset=\"http:\/\/drlynchballyvourney.ie\/wordpress\/wp-content\/uploads\/2014\/04\/Dr-Lynch-Home-Rule-Fund-Subscription-Letter-1893.jpg 478w, http:\/\/drlynchballyvourney.ie\/wordpress\/wp-content\/uploads\/2014\/04\/Dr-Lynch-Home-Rule-Fund-Subscription-Letter-1893-273x300.jpg 273w\" sizes=\"(max-width: 478px) 100vw, 478px\" \/><\/a><\/p>\n<h5><strong><em>Adapted from \u00c9ighse 2008 speech given by D\u00f3nal\u00a0\u00d3 h\u00c9alaithe &#8211; Stara\u00ed \u00e1iti\u00fal de chuid Acadamh F\u00f3dhla \u00f3 Ch\u00fail Aodha, translated into B\u00e9arla by James O&#8217;Leary, Col\u00e1iste an tEasbog Mac Aogh\u00e1in, M\u00e1igh Chromtha.<\/em><\/strong><\/h5>\n","protected":false},"excerpt":{"rendered":"<p>Michael Davitt had founded the Land League in 1879 and it wasn\u2019t long until there was a branch in each parish in Ireland. A branch was founded in Ballyvourney in 1883. The land war started in the parish and\u00a0an Docht\u00fair D\u00f3mhnall \u00d3 Loingsigh was active in the local branch. He organised a big meeting of [&hellip;]<\/p>\n","protected":false},"author":1,"featured_media":0,"parent":0,"menu_order":0,"comment_status":"closed","ping_status":"closed","template":"","meta":{"ngg_post_thumbnail":0},"_links":{"self":[{"href":"http:\/\/drlynchballyvourney.ie\/wordpress\/wp-json\/wp\/v2\/pages\/72"}],"collection":[{"href":"http:\/\/drlynchballyvourney.ie\/wordpress\/wp-json\/wp\/v2\/pages"}],"about":[{"href":"http:\/\/drlynchballyvourney.ie\/wordpress\/wp-json\/wp\/v2\/types\/page"}],"author":[{"embeddable":true,"href":"http:\/\/drlynchballyvourney.ie\/wordpress\/wp-json\/wp\/v2\/users\/1"}],"replies":[{"embeddable":true,"href":"http:\/\/drlynchballyvourney.ie\/wordpress\/wp-json\/wp\/v2\/comments?post=72"}],"version-history":[{"count":8,"href":"http:\/\/drlynchballyvourney.ie\/wordpress\/wp-json\/wp\/v2\/pages\/72\/revisions"}],"predecessor-version":[{"id":309,"href":"http:\/\/drlynchballyvourney.ie\/wordpress\/wp-json\/wp\/v2\/pages\/72\/revisions\/309"}],"wp:attachment":[{"href":"http:\/\/drlynchballyvourney.ie\/wordpress\/wp-json\/wp\/v2\/media?parent=72"}],"curies":[{"name":"wp","href":"https:\/\/api.w.org\/{rel}","templated":true}]}}