{"id":75,"date":"2014-04-30T09:59:37","date_gmt":"2014-04-30T08:59:37","guid":{"rendered":"http:\/\/drlynchballyvourney.ie\/wordpress\/?page_id=75"},"modified":"2014-07-25T23:53:34","modified_gmt":"2014-07-25T22:53:34","slug":"dr-lynch-padraig-pearse","status":"publish","type":"page","link":"http:\/\/drlynchballyvourney.ie\/wordpress\/dr-lynch-padraig-pearse\/","title":{"rendered":"Dr Lynch &#038; Padraig Pearse"},"content":{"rendered":"<h4>During his time working on behalf of preserving and promoting culture and nationalism,\u00a0an Docht\u00fair D\u00f3mhnall \u00d3 Loingsigh got to know a young man from Dublin called Padraig Pearse. This personal friendship grew greatly with the passing of time. They met regularly\u00a0at events like the Celtic Conference in Paris in 1900 and at meetings in Dublin. It was no wonder that when Padraig Pearse did a nationwide tour in 1904, in order\u00a0to assess the Nationalist feelings, that it was to Ballyvourney and\u00a0an Docht\u00fair \u00d3 Loingsigh he went.<\/h4>\n<h4>The following is a short account of Pearse\u2019s visit to Ballyvourney, written by himself in the <em>Claidheamh Soluis (newspaper)<\/em>\u00a0in November 1904. It is worth noting it was actually in English that Pearse wrote his account under the heading <em><strong>\u201cThe Principal City of the Gaeltacht\u201d<\/strong><\/em> \u2013 this was the title Ballyvourney had at this time primarily because of the work of an Docht\u00fair D\u00f3mhnall \u00d3 Loingsigh.<\/h4>\n<h4>Pearse said \u201cFrom Cork I travelled to Macroom, and making no delay there, I pushed on, on my bicycle and reached the capital of Ireland sooner than I expected. I asked directions from an old woman before I cycled into the \u201cCapital\u201d whose reply was \u201cT\u00e1 an sraid bhaile led\u2019ais, c\u00faig noimead eile agus beidh t\u00fa ann\u201d. <em>As I was being directed, Dr Lynch himself bore down on us and carried me off<\/em>. The evening passed rapidly with a concert in the doctor\u2019s new Hall in which Tadgh \u00d3 Cruadhlaoi (Crowley) was the solo artist, which I enjoyed immensely.<\/h4>\n<h4><strong><em>This new community hall which Dr D\u00f3nal built at his expense is a magnificent building which would do honour to a town of 2,000 inhabitants.<\/em><\/strong> There is a sturdy spirit around and the parents are once more speaking Irish to their children. <strong><em>Of course all this is due to the doctor.<\/em> <em>He has rekindled and nurtured the literary instincts of his people and in the process he had brought the young men and women to the Munster Feiseanna and the Oireachtas.<\/em><\/strong><\/h4>\n<h4><em>As regards the actual speaking of the language, Ballyvourney is about equal to the Galway Claddagh today. This is to say the grown-up people habitually and regularly speak Irish while the children though understanding Irish and able to speak it, also speak English amongst themselves.<\/em><\/h4>\n<h4><em><strong>Dr Lynch \u2013 that I speak of, is one of the most outstanding personalities in the Gaelic Revival at the beginning of the 20<sup>th<\/sup> century.<\/strong> <strong>In fact Ballyvourney would not be Ballyvourney without Dr D\u00f3nal<\/strong>. <strong>Dr Lynch is a man of high intellectual attainment, an ornament to his profession and his work, his support for national culture and freedom is one of the most practical kind<\/strong>. <strong>Through his great enterprise and organising ability, the one dingy, hamlet of Ballyvourney has been transformed into a flourishing village where prosperity and contentment characterise the lives of the people. During his time in Ballyvourney he has encouraged young and old to hold fast to their priceless linguistic traditions and the recent rise of Ballyvourney is the most striking example in the history of the language revival movement of the influence of a personality over a community\u201d<\/strong><\/em><strong>.<\/strong><\/h4>\n<h4>It is clear from this extraordinary praise by Padraig Pearse of\u00a0an Docht\u00fair \u00d3 Loingsigh that the leader of the moment understood the great work being done by the Coolea man, not only in his own native parish but throughout the country. Not only that but the local people showed they had great respect and trust in him, and Padraig Pearse acknowledged it\u00a0the following morning as he hit the road again on his bicycle to Ballingeary.<\/h4>\n<h4>Below\u00a0are links to an article which was published in the Irish Press in 1963, written\u00a0by John T Collins, over 60 years after Padraig Pearse\u00a0had completed his\u00a0travels through Ireland which he wrote about in <em>An Claidheamh Soluis<\/em>, during which time he had ventured to Ballyvourney for the purpose of meeting an Docht\u00fair D\u00f3mhnall \u00d3 Loingsigh, with whom he was friendly. The article uses extracts from many of the articles that Pearse wrote for <em>An Claidheamh Soluis<\/em> &#8211;<\/h4>\n<p><a href=\"http:\/\/drlynchballyvourney.ie\/wordpress\/wp-content\/uploads\/2014\/04\/Padraig-Pearse-Journey-Through-Ireland-mentions-Dr-Lynch-Part-1.pdf\">Padraig Pearse Journey Through Ireland mentions Dr Lynch Part 1<\/a><\/p>\n<p><a href=\"http:\/\/drlynchballyvourney.ie\/wordpress\/wp-content\/uploads\/2014\/04\/Padraig-Pearse-Journey-Through-Ireland-mentions-Dr-Lynch-Part-2.pdf\">Padraig Pearse Journey Through Ireland mentions Dr Lynch Part 2<\/a><\/p>\n<h4>When the people of Ballyvourney heard that Pearse and the leaders of the rising had been executed it put anger and disgust in them. A special meeting was organised in an Docht\u00fair \u00d3 Loingsigh&#8217;s hall in Ballyvourney on 7<sup>th<\/sup> May 1916 to sympathise with their relatives and a big crowd of the people of the parish attended this meeting. A company of IRA volunteers had been formed in Ballyvourney six weeks\u00a0earlier and each member attended that meeting as well.<\/h4>\n<h4>Another historical event occurred that night as well. Faction fighting had been going on in the parish for 80 years since 1836 but an end came to it that night. Father Carroll C.C. spoke to the crowd and proposed that at least one person from each group shake hands. Not only did this happen but most from either side did the same and that was the official end of the faction fights in Ballyvourney.<\/h4>\n<p>&nbsp;<\/p>\n<h5><strong><em>Adapted from \u00c9ighse 2008 speech given by D\u00f3nal\u00a0\u00d3 h\u00c9alaithe &#8211; Stara\u00ed \u00e1iti\u00fal de chuid Acadamh F\u00f3dhla \u00f3 Ch\u00fail Aodha, translated into B\u00e9arla by James O&#8217;Leary, Col\u00e1iste an tEasbog Mac Aogh\u00e1in, M\u00e1igh Chromtha.<\/em><\/strong><\/h5>\n","protected":false},"excerpt":{"rendered":"<p>During his time working on behalf of preserving and promoting culture and nationalism,\u00a0an Docht\u00fair D\u00f3mhnall \u00d3 Loingsigh got to know a young man from Dublin called Padraig Pearse. This personal friendship grew greatly with the passing of time. They met regularly\u00a0at events like the Celtic Conference in Paris in 1900 and at meetings in Dublin. [&hellip;]<\/p>\n","protected":false},"author":1,"featured_media":0,"parent":0,"menu_order":0,"comment_status":"closed","ping_status":"closed","template":"","meta":{"ngg_post_thumbnail":0},"_links":{"self":[{"href":"http:\/\/drlynchballyvourney.ie\/wordpress\/wp-json\/wp\/v2\/pages\/75"}],"collection":[{"href":"http:\/\/drlynchballyvourney.ie\/wordpress\/wp-json\/wp\/v2\/pages"}],"about":[{"href":"http:\/\/drlynchballyvourney.ie\/wordpress\/wp-json\/wp\/v2\/types\/page"}],"author":[{"embeddable":true,"href":"http:\/\/drlynchballyvourney.ie\/wordpress\/wp-json\/wp\/v2\/users\/1"}],"replies":[{"embeddable":true,"href":"http:\/\/drlynchballyvourney.ie\/wordpress\/wp-json\/wp\/v2\/comments?post=75"}],"version-history":[{"count":8,"href":"http:\/\/drlynchballyvourney.ie\/wordpress\/wp-json\/wp\/v2\/pages\/75\/revisions"}],"predecessor-version":[{"id":290,"href":"http:\/\/drlynchballyvourney.ie\/wordpress\/wp-json\/wp\/v2\/pages\/75\/revisions\/290"}],"wp:attachment":[{"href":"http:\/\/drlynchballyvourney.ie\/wordpress\/wp-json\/wp\/v2\/media?parent=75"}],"curies":[{"name":"wp","href":"https:\/\/api.w.org\/{rel}","templated":true}]}}