{"id":78,"date":"2014-04-30T10:00:52","date_gmt":"2014-04-30T09:00:52","guid":{"rendered":"http:\/\/drlynchballyvourney.ie\/wordpress\/?page_id=78"},"modified":"2014-07-26T22:40:04","modified_gmt":"2014-07-26T21:40:04","slug":"dr-lynch-the-origins-of-the-feis","status":"publish","type":"page","link":"http:\/\/drlynchballyvourney.ie\/wordpress\/dr-lynch-the-origins-of-the-feis\/","title":{"rendered":"Dr Lynch &#038; The Origins of the Feis"},"content":{"rendered":"<h4>The retention and promotion of the Irish language case was very successful under the direction of an Docht\u00fair D\u00f3mhnall \u00d3 Loingsigh. He started to organise small competitions firstly between the young people of the area and then between the adults. With these small competitions there came about a great attendance at Feiseanna, not only in Muskerry but throughout County Cork.<\/h4>\n<h4>It was in the Ballyvourney\u00a0locality that the first Feis was organised under the stewardship of Conradh na Gaeilge. The doctor was very interested in music and songs, so\u00a0at the feiseanna he\u00a0held competitions for instruments such as violin, accordion, concertina, tin whistle, the uileann pipes and the harp. He also held competitions for the old songs of the 18<sup>th<\/sup> and 19<sup>th<\/sup> centuries, the songs of the day, and for newly composed songs.<\/h4>\n<h4>At the Ballyvourney Feis in the year 1900 Donnacadh \u00d3 Laoire from Doire an Chulin won 1st prize for a newly composed song named \u201cBaile Mhuirne\u201d, a song that is regularly sung by local singers 100 years later.<\/h4>\n<h4 style=\"text-align: left;\">The following are links to articles from 1902 and 1903 which contain reports of the Ballyvourney Feis, mentioning how instrumental an Docht\u00fair \u00d3 Loingsigh was in organising these\u00a0events\u00a0and his describing his passionate enthusiasm in promoting the use of the Irish language amongst the people of Ballyvourney and further afield &#8211;<\/h4>\n<h4 style=\"text-align: center;\"><a href=\"http:\/\/drlynchballyvourney.ie\/wordpress\/wp-content\/uploads\/2014\/04\/Southern-Star-9-August-1902-Ballyvourney-Feis.pdf\">Southern Star 9 August 1902 Ballyvourney Feis<\/a><\/h4>\n<h4 style=\"text-align: center;\"><a href=\"http:\/\/drlynchballyvourney.ie\/wordpress\/wp-content\/uploads\/2014\/04\/Ballyvourney-Feis-Southern-Star-9-August-1902.pdf\">Ballyvourney Feis Southern Star 9 August 1902<\/a><\/h4>\n<h4 style=\"text-align: center;\"><a href=\"http:\/\/drlynchballyvourney.ie\/wordpress\/wp-content\/uploads\/2014\/04\/Freemans-Journal-29-December-1902-Ballyvourney-Feis.pdf\">Freemans Journal 29 December 1902 Ballyvourney Feis<\/a><\/h4>\n<h4 style=\"text-align: center;\"><a href=\"http:\/\/drlynchballyvourney.ie\/wordpress\/wp-content\/uploads\/2014\/04\/Freemans-Journal-4-August-1903-Ballyvourney-Feis.pdf\">Freemans Journal 4 August 1903 Ballyvourney Feis<\/a><\/h4>\n<h4>An Docht\u00fair \u00d3 Loingsigh attended the first Oireachtas in the year 1897. During his life he supported every aspect of the lives of the people in Coolea and Ballyvourney especially language and culture, and he also travelled to do so.<\/h4>\n<h4 style=\"text-align: left;\">At the third Oireachtas, which took place in Dublin in June of 1899, an Docht\u00fair \u00d3 Loingsigh gave a short podium address in Irish to represent the spoken language of Munster. During the event he was followed by two further speakers, each also giving a short speech in their native dialect &#8211; Thomas Concannon, an Organiser of the Gaelic League, representing Connacht; and P.T. MacGinley, Belfast representing Donegal.<\/h4>\n<p>&nbsp;<\/p>\n<p><a href=\"http:\/\/drlynchballyvourney.ie\/wordpress\/wp-content\/uploads\/2014\/04\/Oireachtas-Title-Page.jpg\"><img loading=\"lazy\" class=\"alignleft wp-image-328 size-full\" src=\"http:\/\/drlynchballyvourney.ie\/wordpress\/wp-content\/uploads\/2014\/04\/Oireachtas-Title-Page.jpg\" alt=\"Oireachtas Title Page\" width=\"541\" height=\"916\" srcset=\"http:\/\/drlynchballyvourney.ie\/wordpress\/wp-content\/uploads\/2014\/04\/Oireachtas-Title-Page.jpg 541w, http:\/\/drlynchballyvourney.ie\/wordpress\/wp-content\/uploads\/2014\/04\/Oireachtas-Title-Page-177x300.jpg 177w\" sizes=\"(max-width: 541px) 100vw, 541px\" \/><\/a><a href=\"http:\/\/drlynchballyvourney.ie\/wordpress\/wp-content\/uploads\/2014\/04\/Oireachtas-Programme-Pg-6.jpg\"><img loading=\"lazy\" class=\"alignright wp-image-329 size-full\" src=\"http:\/\/drlynchballyvourney.ie\/wordpress\/wp-content\/uploads\/2014\/04\/Oireachtas-Programme-Pg-6.jpg\" alt=\"Oireachtas Programme Pg 6\" width=\"545\" height=\"916\" srcset=\"http:\/\/drlynchballyvourney.ie\/wordpress\/wp-content\/uploads\/2014\/04\/Oireachtas-Programme-Pg-6.jpg 545w, http:\/\/drlynchballyvourney.ie\/wordpress\/wp-content\/uploads\/2014\/04\/Oireachtas-Programme-Pg-6-178x300.jpg 178w\" sizes=\"(max-width: 545px) 100vw, 545px\" \/><\/a><\/p>\n<h4><a href=\"http:\/\/drlynchballyvourney.ie\/wordpress\/wp-content\/uploads\/2014\/04\/Oireachtas-Comment-Pg-21.jpg\"><img loading=\"lazy\" class=\"alignnone wp-image-330 size-full\" src=\"http:\/\/drlynchballyvourney.ie\/wordpress\/wp-content\/uploads\/2014\/04\/Oireachtas-Comment-Pg-21.jpg\" alt=\"Oireachtas Comment Pg 21\" width=\"547\" height=\"916\" srcset=\"http:\/\/drlynchballyvourney.ie\/wordpress\/wp-content\/uploads\/2014\/04\/Oireachtas-Comment-Pg-21.jpg 547w, http:\/\/drlynchballyvourney.ie\/wordpress\/wp-content\/uploads\/2014\/04\/Oireachtas-Comment-Pg-21-179x300.jpg 179w\" sizes=\"(max-width: 547px) 100vw, 547px\" \/><\/a><\/h4>\n<h4>Because of his work there was a great demand for the youth and the scholars of this area. From that time on many of them were called to the colleges throughout the country, so that they could teach their native language, and due to that many of them obtained work as teachers and professors, which they would not have if it was not for an Docht\u00fair \u00d3 Loingsigh!<\/h4>\n<h4>This is how Ballyvourney came to be the number one place in the new Gaelic Life that was growing throughout the New Ireland.<\/h4>\n<h4>According to D\u00f3nal \u00d3 h\u00c9alaithe, a story was told about\u00a0an Docht\u00fair \u00d3 Loingsigh judging at the Ballyvourney Feis 4-5 years before he died. The first prize was won by Paddy McCarthy, the schoolteacher at Slievereagh school.<\/h4>\n<h4>When\u00a0an Docht\u00fair \u00d3 Loingsigh was presenting the prize to Mr McCarthy this is what he is supposed to have\u00a0said &#8211;<\/h4>\n<h4><strong><em>\u201cPaddy is an authority on Notre Dame and Sacre Coeur French, on Deutschland German and on Oxford English, he is also an authority on Slievereagh Irish and it is in this final trait on the Slievereagh dialect of Irish that he wins first prize\u201d.<\/em><\/strong><\/h4>\n<p>&nbsp;<\/p>\n<h5><strong><em>Adapted from \u00c9ighse 2008 speech given by D\u00f3nal\u00a0\u00d3 h\u00c9alaithe &#8211; Stara\u00ed \u00e1iti\u00fal de chuid Acadamh F\u00f3dhla \u00f3 Ch\u00fail Aodha, translated into B\u00e9arla by James O&#8217;Leary, Col\u00e1iste an tEasbog Mac Aogh\u00e1in, M\u00e1igh Chromtha.<\/em><\/strong><\/h5>\n","protected":false},"excerpt":{"rendered":"<p>The retention and promotion of the Irish language case was very successful under the direction of an Docht\u00fair D\u00f3mhnall \u00d3 Loingsigh. He started to organise small competitions firstly between the young people of the area and then between the adults. With these small competitions there came about a great attendance at Feiseanna, not only in [&hellip;]<\/p>\n","protected":false},"author":1,"featured_media":0,"parent":0,"menu_order":0,"comment_status":"closed","ping_status":"closed","template":"","meta":{"ngg_post_thumbnail":0},"_links":{"self":[{"href":"http:\/\/drlynchballyvourney.ie\/wordpress\/wp-json\/wp\/v2\/pages\/78"}],"collection":[{"href":"http:\/\/drlynchballyvourney.ie\/wordpress\/wp-json\/wp\/v2\/pages"}],"about":[{"href":"http:\/\/drlynchballyvourney.ie\/wordpress\/wp-json\/wp\/v2\/types\/page"}],"author":[{"embeddable":true,"href":"http:\/\/drlynchballyvourney.ie\/wordpress\/wp-json\/wp\/v2\/users\/1"}],"replies":[{"embeddable":true,"href":"http:\/\/drlynchballyvourney.ie\/wordpress\/wp-json\/wp\/v2\/comments?post=78"}],"version-history":[{"count":12,"href":"http:\/\/drlynchballyvourney.ie\/wordpress\/wp-json\/wp\/v2\/pages\/78\/revisions"}],"predecessor-version":[{"id":333,"href":"http:\/\/drlynchballyvourney.ie\/wordpress\/wp-json\/wp\/v2\/pages\/78\/revisions\/333"}],"wp:attachment":[{"href":"http:\/\/drlynchballyvourney.ie\/wordpress\/wp-json\/wp\/v2\/media?parent=78"}],"curies":[{"name":"wp","href":"https:\/\/api.w.org\/{rel}","templated":true}]}}