{"id":86,"date":"2014-04-30T11:09:36","date_gmt":"2014-04-30T10:09:36","guid":{"rendered":"http:\/\/drlynchballyvourney.ie\/wordpress\/?page_id=86"},"modified":"2014-07-27T21:40:43","modified_gmt":"2014-07-27T20:40:43","slug":"dr-lynchs-family","status":"publish","type":"page","link":"http:\/\/drlynchballyvourney.ie\/wordpress\/dr-lynchs-family\/","title":{"rendered":"Dr Lynch&#8217;s Family &#038; Life"},"content":{"rendered":"<h4 style=\"text-align: left;\">An Docht\u00fair D\u00f3mhnall \u00d3 Loingsigh was married twice, his first wife was Mary\u00a0Creedon from Ballymacorcoran, Clondrohid, and his second wife was Ellen Gould from Dingle (pictured below), who was very active in Conradh na Gaeilge.<\/h4>\n<h4><a href=\"http:\/\/drlynchballyvourney.ie\/wordpress\/wp-content\/uploads\/2014\/04\/24112009029.jpg\"><img loading=\"lazy\" class=\"aligncenter wp-image-8 size-medium\" src=\"http:\/\/drlynchballyvourney.ie\/wordpress\/wp-content\/uploads\/2014\/04\/24112009029-188x300.jpg\" alt=\"24112009(029)\" width=\"188\" height=\"300\" srcset=\"http:\/\/drlynchballyvourney.ie\/wordpress\/wp-content\/uploads\/2014\/04\/24112009029-188x300.jpg 188w, http:\/\/drlynchballyvourney.ie\/wordpress\/wp-content\/uploads\/2014\/04\/24112009029-641x1024.jpg 641w, http:\/\/drlynchballyvourney.ie\/wordpress\/wp-content\/uploads\/2014\/04\/24112009029-640x1021.jpg 640w, http:\/\/drlynchballyvourney.ie\/wordpress\/wp-content\/uploads\/2014\/04\/24112009029.jpg 836w\" sizes=\"(max-width: 188px) 100vw, 188px\" \/><\/a><\/h4>\n<h4>D\u00f3mhnall had four daughters (Catherine (Katty), Julia, Margaret (Gretta), Mary (Moira) &#8211; pictured below)\u00a0and one son (Denis)\u00a0with his first wife Mary, and one daughter (Johanna)\u00a0with his second wife Ellen. Both Mary (Moira) and Johanna died young.<\/h4>\n<h4><a href=\"http:\/\/drlynchballyvourney.ie\/wordpress\/wp-content\/uploads\/2014\/04\/Dr-Lynch-with-3-daughters.jpg\"><img loading=\"lazy\" class=\"aligncenter wp-image-264\" src=\"http:\/\/drlynchballyvourney.ie\/wordpress\/wp-content\/uploads\/2014\/04\/Dr-Lynch-with-3-daughters.jpg\" alt=\"Dr Lynch with 3 daughters\" width=\"350\" height=\"460\" srcset=\"http:\/\/drlynchballyvourney.ie\/wordpress\/wp-content\/uploads\/2014\/04\/Dr-Lynch-with-3-daughters.jpg 436w, http:\/\/drlynchballyvourney.ie\/wordpress\/wp-content\/uploads\/2014\/04\/Dr-Lynch-with-3-daughters-228x300.jpg 228w\" sizes=\"(max-width: 350px) 100vw, 350px\" \/><\/a><\/h4>\n<h4>Copies of the 1901 and 1911 Census documentation for an Docht\u00fair D\u00f3mhnall \u00d3 Loingsigh and his family can\u00a0be seen here &#8211;<\/h4>\n<h4 style=\"text-align: center;\"><a href=\"http:\/\/drlynchballyvourney.ie\/wordpress\/wp-content\/uploads\/2014\/04\/Daniel-Lynch-Flatts-1901-census-household-info.pdf\">Daniel Lynch Flatts 1901 census household info<\/a><\/h4>\n<h4 style=\"text-align: center;\"><a href=\"http:\/\/drlynchballyvourney.ie\/wordpress\/wp-content\/uploads\/2014\/04\/Daniel-Lynch-Flatts-1911-census-household-info.pdf\">Daniel Lynch Flatts 1911 census household info<\/a><\/h4>\n<h4>Catherine married Cornelius (Curry) O\u2019Shea\u00a0who came from the O&#8217;Shea Mineral Water Company in Macroom. Curry, who was full-back on the Cork All-Ireland Football team in 1911, went on to become manager of the business following his father John&#8217;s retirement, however he died unexpectedly died at 47 years of age,\u00a0after a few days illness in 1929, leaving behind his wife Catherine and 7 young children.<\/h4>\n<h4>Once again Curry&#8217;s father took over running\u00a0the business, and Catherine&#8217;s eldest daughter, Anna, entered the business to undergo training for management,\u00a0once she had matriculated at Ursuline Convent, Blackrock, Cork. Anna eventually progressed to the role of manager, having been guided by the late D.C Murphy who was office manager, and no doubt by her grandfather John.<\/h4>\n<h4>In 1964 Anna&#8217;s brother Donal became the factory manager, and in 1967 the firm took over the old established Macroom firm of mineral water manufacturers and bottlers, Messers. William Coughlan and Company. It should be noted that Messers. William Coughlan and Company was, prior to its sale in 1967, under the ownership of Margaret Buckley (nee Long), mother of Patricia Buckley who married Jerry Lynch, Riversdale House, Bishopstown, Cork, the family historian\u00a0for this project, and they are parents of R\u00e9id\u00edn Lynch, the creator of this website.<\/h4>\n<h4>Julia was married in Macroom, to Tom O&#8217;Leary\u00a0of New Street, who was a vet. These are the parents of Joan Cronin (nee O&#8217;Leary) who is a founding member of the organising committee for the event honouring Joan&#8217;s grandfather an Docht\u00fair D\u00f3mhnall \u00d3 Loingsigh and the renaming of an &#8216;Ionad Cult\u00fartha&#8217; to &#8216;Ionad Cult\u00fartha an Docht\u00fair \u00d3 Loingsigh&#8217;.<\/h4>\n<h4>Gretta married Tom Sheehan and they had a drapers shop in Kanturk. Tom&#8217;s brother owned Duhallow Knitwear also in Kanturk. On the death of her husband, Gretta moved to Dublin where she worked in the Hospital Sweepstakes in Ballsbridge for many years.<\/h4>\n<h4>By clicking the\u00a0following links you can read an article reporting the death of an Docht\u00fair \u00d3 Loingsigh&#8217;s first wife Mary in 1895, and\u00a0the death notice of his second wife Ellen in 1949 &#8211;<\/h4>\n<h4 style=\"text-align: center;\"><a href=\"http:\/\/drlynchballyvourney.ie\/wordpress\/wp-content\/uploads\/2014\/04\/Southern-Star-23-March-1895-Death-of-Mrs-Lynch-Ballyvourney.pdf\">Southern Star 23 March 1895 Death of Mrs Lynch Ballyvourney<\/a><\/h4>\n<h4 style=\"text-align: center;\"><a href=\"http:\/\/drlynchballyvourney.ie\/wordpress\/wp-content\/uploads\/2014\/04\/Irish-Press-26-March-1949-Death-notice-of-Ellen-Lynch-wife-of-Dr-Lynch.pdf\">Irish Press 26 March 1949 Death notice of Ellen Lynch wife of Dr Lynch<\/a><\/h4>\n<h4>Docht\u00fair \u00d3 Loingsigh&#8217;s\u00a0only son Denis was\u00a0a final year medical student in University College Cork when he became ill. One version of events states that\u00a0he was taken to the Mercy Hospital and put in a ward where there was Typhoid, where he contracted the disease. He died aged 23 years on 22\/03\/1913, however\u00a0his death certificate states that he died of TB in St Patrick&#8217;s Hospital, Wellington Road, Cork.<\/h4>\n<h4>At a meeting of Macroom Urban Council in March 1913, the death of Denis Lynch was mentioned and a resolution was proposed\u00a0 and passed by the council\u00a0to tender their sincere sympathy to Dr Lynch and his daughter Mrs Cornelius O&#8217;Shea of Macroom on their recent bereavement, which was reported in the Southern Star newspaper\u00a0&#8211;<\/h4>\n<h4 style=\"text-align: center;\"><a href=\"http:\/\/drlynchballyvourney.ie\/wordpress\/wp-content\/uploads\/2014\/04\/Southern-Star-29-March-1913-Macroom-Urban-Council-report-death-of-Denis-Lynch-son-of-Dr-Lynch.pdf\">Southern Star 29 March 1913 Macroom Urban Council report death of Denis Lynch son of Dr Lynch<\/a><\/h4>\n<h4>The death of his only son broke the heart of an Docht\u00fair \u00d3 Loingsigh\u00a0, but he travelled\u00a0to Portugal from the port of Liverpool (via SS Ambrose on 31st May 1913) to\u00a0visit his daughter Gretta who was studying languages at the time. It is reported that when Gretta\u00a0saw him, she said\u00a0that she knew he did not have long to live.<\/h4>\n<p>&nbsp;<\/p>\n<p><img loading=\"lazy\" class=\"aligncenter size-large wp-image-149\" src=\"http:\/\/drlynchballyvourney.ie\/wordpress\/wp-content\/uploads\/2014\/05\/Dr-Lynch-Passenger-List-31-May-1913-Liverpool-to-Portugal-793x1024.jpg\" alt=\"Dr Lynch Passenger List 31 May 1913 Liverpool to Portugal\" width=\"640\" height=\"826\" srcset=\"http:\/\/drlynchballyvourney.ie\/wordpress\/wp-content\/uploads\/2014\/05\/Dr-Lynch-Passenger-List-31-May-1913-Liverpool-to-Portugal-793x1024.jpg 793w, http:\/\/drlynchballyvourney.ie\/wordpress\/wp-content\/uploads\/2014\/05\/Dr-Lynch-Passenger-List-31-May-1913-Liverpool-to-Portugal-232x300.jpg 232w, http:\/\/drlynchballyvourney.ie\/wordpress\/wp-content\/uploads\/2014\/05\/Dr-Lynch-Passenger-List-31-May-1913-Liverpool-to-Portugal-640x825.jpg 640w\" sizes=\"(max-width: 640px) 100vw, 640px\" \/><\/p>\n<h4>An Docht\u00fair \u00d3 Loingsigh&#8217;s\u00a0health had started failing him when he reached 70 years of age. In the end he was not able to attend to the sick people of parish, but he did not forget them.<\/h4>\n<h4>He had a horse and covered cart to travel around the parish, as he never had a motor car. When he became ill himself, he sent word to his cousin Denis Lynch, Togher, to take the sick people to the doctor in Macroom. One day he asked Denis to drive a cousin of theirs, Eugene Sean Lynch of\u00a0Derrynasaggart, to Macroom and if necessary to hospital in Cork \u2013 40 miles from home and Denis had only a horse and coach.<\/h4>\n<h4>An Docht\u00fair \u00d3 Loingsigh did not live long after this episode, and he died on 28\/11\/1913. The following day his death was\u00a0reported in an article printed in the Freeman&#8217;s Journal newspaper, however it must be noted that some inaccuracies are now known to exist within this article &#8211;<\/h4>\n<h4 style=\"text-align: center;\"><a href=\"http:\/\/drlynchballyvourney.ie\/wordpress\/wp-content\/uploads\/2014\/04\/Freemans-Journal-29-November-1913-Co-Cork-Doctor-Dead-Romantic-Career.pdf\">Freemans Journal 29 November 1913 Co Cork Doctor Dead Romantic Career<\/a><\/h4>\n<h2><em>Pastimes and Interests<\/em><\/h2>\n<h4>The doctor was a great man for shooting and hunting. It was on the Derrynasaggart mountains near his home that he did most of his hunting, but it was usual for him to go overbounds back to Cladagh in Co. Kerry with his dog and guns. There was not a great welcome for him there.\u00a0A letter exists from\u00a0The O\u2019Donoghue of the Glen threatening law on the doctor if they saw him hunting again on their own preserved grounds in the Glenflesk region.\u00a0It is known that\u00a0the local Volunteers used\u00a0Docht\u00fair \u00d3 Loingsigh&#8217;s\u00a0gun at the Coolnacaheragh Ambush in February 1921.<\/h4>\n<h4>Docht\u00fair \u00d3 Loingsigh was always thinking of ways to continue assisting and improving the lives of his patients in the greater Ballyvourney area, and this was evident in his idea to create\u00a0a nursing home for elderly people and for seriously ill people of the area. It was a great pity that he did not succeed with this aim because if he did Ballyvourney would have been one of the first places in Ireland to have a nursing home. The reason he did not succeed was because the call of death was beckoning him.<\/h4>\n<h4>As <em><strong>Donal \u00d3&#8217; h\u00c9alaithe<\/strong><\/em> summarised in his\u00a0commentary for <strong>\u00c9ighse 2008<\/strong><em> &#8211; <a href=\"http:\/\/drlynchballyvourney.ie\/wordpress\/wp-content\/uploads\/2014\/04\/Eighse-2008-Cover-by-Donal-O-hEalaithe.jpg\"><img loading=\"lazy\" class=\"alignright wp-image-371 size-medium\" src=\"http:\/\/drlynchballyvourney.ie\/wordpress\/wp-content\/uploads\/2014\/04\/Eighse-2008-Cover-by-Donal-O-hEalaithe-213x300.jpg\" alt=\"Eighse 2008 Cover by Donal O hEalaithe\" width=\"213\" height=\"300\" srcset=\"http:\/\/drlynchballyvourney.ie\/wordpress\/wp-content\/uploads\/2014\/04\/Eighse-2008-Cover-by-Donal-O-hEalaithe-213x300.jpg 213w, http:\/\/drlynchballyvourney.ie\/wordpress\/wp-content\/uploads\/2014\/04\/Eighse-2008-Cover-by-Donal-O-hEalaithe.jpg 440w\" sizes=\"(max-width: 213px) 100vw, 213px\" \/><\/a><\/em><\/h4>\n<h4><em>&#8221; It is difficult for us today to comprehend how one man could do all of the heroic actions and still attend to his duties as a full time doctor. It is of opinion that the greatest gift he had was that he understood people, and that he was able to sensibly guide and direct them. He stayed young and he stayed in contact with the youth because he cared for them, and his understanding was to be noticed in his speech, his actions and his deeds. He visited the people, he was friendly with them and he put them working. He gave good example to them in every way especially in talking Irish and he taught them to have \u201cmeas\u201d (respect) for themselves and for their heritage.<\/em><\/h4>\n<h4><em>Dr Lynch was a patriotic Irishman who was old fashioned but not ostentatious. He had deep love in his heart for everything Nationalist and Irish, our language, our culture, our games, our traditions, our people and our heritage. He said often that he was angry when he saw the \u201cgombeen\u201d men dissecting our language and our culture. \u201cThese people\u201d he said \u201care only trotting after the swindling and deviousness of the English\u201d.<\/em><\/h4>\n<h4><em>Dr Lynch was an energetic, likeable, decent person that the people of Coolea and Ballyvourney should be very proud of, and his memory is permanently commemorated in this parish. The Dr Lynch Perpetual Trophy is presented each year to the best Sean N\u00f3s singer in a competition that is held annually.<\/em><\/h4>\n<h4><em>It would be very presumptuous of me to state that I have a complete account made of the life and the work of this man here tonight,\u00a0 because to tell the truth I have only done the outline of his life and his work. Before we finish let us recall once again his great work protecting the culture and economic development of the area. <\/em><\/h4>\n<h4><em>We understand his life was unusual, active and adventurous from the day he left Coolea National School, his time in the Irish College in Paris, his time in the Regiment of St. Patrick in the Pope\u2019s Army \u2013 The Papal Zouaves, his time in the French Army in the Franco-Prussian War. The hungry, repressive time he spent in the prisoner of war camp in Sedan. The years he spent in America in New Mexico, in the Rockies with the Indian tribes. His return journey to Coolea, his decision to study Medicine in UCC and his return to Ballyvourney as a doctor. <\/em><\/h4>\n<h4><em>The start of his public life as a Nationalist Leader with Conradh na Gaeilge. His great cultural work in saving the language in Ballyvourney and throughout Muskerry, and without doubt his great effort at employment for the parish. A Knitting Factory in which 20 girls worked, then founding a shop and store as well as a bakery, a Public Hall, beginning Ballyvourney Fair, leasing a cattle boat for exporting from Cork Harbour. <\/em><\/h4>\n<h4><em>His active part in the Land War, his total commitment to the small farmers of this area, his effort to bring the railway to Ballyvourney. Without doubt we have to emphasise his great nationalist work throughout Ireland during the historical years of the Revival. There is no doubt in my mind that one day we will see a wonderful dramatic film about this extraordinary man and about his active, adventurous life of Dr Lynch R.I.P. <\/em><\/h4>\n<h4><em>As I said in the beginning of my talk it is seldom that a Nationalist Leader of this quality is born in a Gaeltacht area. A man who was able to give both local and Nationalist Leadership. He proved this over thirty years out of his own resources, without an office, without apprenticeship, without a back-up force, without an adviser, without a car, without a grant, without a penny of public money, not only that but he was willing and prepared to put his hand into his own pocket and spend his own money for the good of his neighbours and Ballyvourney. <\/em><\/h4>\n<h4><em>The fruits of his cultural work life will live long after him. Would there be any word of Irish in this area today if it were not for him \u2013 I\u2019m not certain, but maybe not. He left a richer legacy in Muskerry than is understood. We are proud he lived amongst our people, and for them. A man who did extraordinary work for the parish and for this area during his life. <\/em><\/h4>\n<h4><em>My final word is that it was the stand and the work of Dr Lynch in these dark years over 100 years ago that laid down the foundation stone of every sort of cultural and economic development that happened in Coolea and Ballyvourney since then and that kept the Gaeltacht here until our times.<\/em><\/h4>\n<h4><em>Dr D\u00f3mhnall was fear dea-gniomhid, dea-sarphlach, dea-mh\u00fainte, dea-n\u00f3sach, dea-chainteach, dea-ghorlach, dea-chroidheach, dea-aigheanta, dea-chlu\u00edthead<\/em><\/h4>\n<h4><em>A mhuintir na h\u00c9ighse, sin \u00e9 mo chur s\u00edos agus mo theastas ar \u00e1r gcomhaisan an Docht\u00fair D\u00f3mhnall \u00d3 Loingsigh.\u00a0<\/em><\/h4>\n<h4><em>Ar dheis de go raibh a anam uasal gaelach.&#8221;<\/em><\/h4>\n<h5><strong><em>Adapted from \u00c9ighse 2008 speech given by D\u00f3nal\u00a0\u00d3 h\u00c9alaithe &#8211; Stara\u00ed \u00e1iti\u00fal de chuid Acadamh F\u00f3dhla \u00f3 Ch\u00fail Aodha, translated into B\u00e9arla by James O&#8217;Leary, Col\u00e1iste an tEasbog Mac Aogh\u00e1in, M\u00e1igh Chromtha; additional information from Jerry Lynch, Riversdale House, Bishopstown.<\/em><\/strong><\/h5>\n","protected":false},"excerpt":{"rendered":"<p>An Docht\u00fair D\u00f3mhnall \u00d3 Loingsigh was married twice, his first wife was Mary\u00a0Creedon from Ballymacorcoran, Clondrohid, and his second wife was Ellen Gould from Dingle (pictured below), who was very active in Conradh na Gaeilge. D\u00f3mhnall had four daughters (Catherine (Katty), Julia, Margaret (Gretta), Mary (Moira) &#8211; pictured below)\u00a0and one son (Denis)\u00a0with his first wife [&hellip;]<\/p>\n","protected":false},"author":1,"featured_media":0,"parent":0,"menu_order":0,"comment_status":"closed","ping_status":"closed","template":"","meta":{"ngg_post_thumbnail":0},"_links":{"self":[{"href":"http:\/\/drlynchballyvourney.ie\/wordpress\/wp-json\/wp\/v2\/pages\/86"}],"collection":[{"href":"http:\/\/drlynchballyvourney.ie\/wordpress\/wp-json\/wp\/v2\/pages"}],"about":[{"href":"http:\/\/drlynchballyvourney.ie\/wordpress\/wp-json\/wp\/v2\/types\/page"}],"author":[{"embeddable":true,"href":"http:\/\/drlynchballyvourney.ie\/wordpress\/wp-json\/wp\/v2\/users\/1"}],"replies":[{"embeddable":true,"href":"http:\/\/drlynchballyvourney.ie\/wordpress\/wp-json\/wp\/v2\/comments?post=86"}],"version-history":[{"count":14,"href":"http:\/\/drlynchballyvourney.ie\/wordpress\/wp-json\/wp\/v2\/pages\/86\/revisions"}],"predecessor-version":[{"id":377,"href":"http:\/\/drlynchballyvourney.ie\/wordpress\/wp-json\/wp\/v2\/pages\/86\/revisions\/377"}],"wp:attachment":[{"href":"http:\/\/drlynchballyvourney.ie\/wordpress\/wp-json\/wp\/v2\/media?parent=86"}],"curies":[{"name":"wp","href":"https:\/\/api.w.org\/{rel}","templated":true}]}}